{"id":81,"date":"2017-04-24T17:00:25","date_gmt":"2017-04-24T15:00:25","guid":{"rendered":"http:\/\/musicadomia.com\/?page_id=81"},"modified":"2025-10-14T19:23:17","modified_gmt":"2025-10-14T17:23:17","slug":"marques","status":"publish","type":"page","link":"https:\/\/musicadomia.com\/index.php\/marques\/","title":{"rendered":"Marques"},"content":{"rendered":"<p>Tout les vendeurs vous diront qu&rsquo;ils repr\u00e9sentent les meilleures marques.<br \/>\nLa meilleure est aussi celle qui vous rend heureux.<\/p>\n<p>On ne\u00a0reparlera pas ici\u00a0des essais &#8211; cf menu \u00ab\u00a0<a href=\"http:\/\/musicadomia.com\/index.php\/about\/\" target=\"_blank\" rel=\"noopener noreferrer\">a propos de Musicadomia<\/a>\u00a0\u00bb &#8211; mais que des marques.<\/p>\n<hr \/>\n<p><span style=\"color: #993300;\"><span style=\"color: #333333;\">Nous avons retenu deux marques d&rsquo;<\/span><strong><em>\u00e9lectroniques<\/em><\/strong><\/span><\/p>\n<ul>\n<li><a href=\"http:\/\/ypsilonelectronics.com\/\" target=\"_blank\" rel=\"noopener noreferrer\"><span style=\"color: #0000ff;\"><strong>Ypsilon<\/strong><\/span><\/a>&#8230;Celle qui nous\u00a0fait changer de monde&#8230;<br \/>\nN&rsquo;\u00e9coutez pas, n&rsquo;essayez pas, vous ne dormirez plus !<\/li>\n<\/ul>\n<p>Parce que vous allez craquez,\u00a0et\u00a0que votre prochain No\u00ebl vous paraitra aussi lointain que lorsque vous aviez 7 ans !<br \/>\nEt parce, si vous succombez,\u00a0vous ne pourrez plus les\u00a0\u00e9teindre et\u00a0quittez votre fauteuil d&rsquo;\u00e9coute, tant le voyage vous paraitra sensationnel.<br \/>\nTous leurs produits ont\u00a0\u00e9t\u00e9 maintes foi prim\u00e9s par les plus grands \u00ab\u00a0reviewers\u00a0\u00bb internationaux. Beaucoup n&rsquo;ont pas eu d&rsquo;autre choix que d&rsquo;en faire l&rsquo;acquisition.<\/p>\n<ul>\n<li>Alors rendez vous au salon Haute Fid\u00e9lit\u00e9 au Marriott pour une \u00e9coute sur le <span style=\"color: #008080;\"><strong><span style=\"color: #0000ff;\">DAC 1000 Ypsilon<\/span>.<\/strong><\/span><\/li>\n<\/ul>\n<ul>\n<li>Mais si on veut redescendre sur terre, et redevenir raisonnable, l\u00e0, il faut \u00e9couter <a href=\"http:\/\/www.helixir-audio.com\/produits-audio\/\" target=\"_blank\" rel=\"noopener noreferrer\"><span style=\"color: #0000ff;\"><strong>H\u00e9lixir<\/strong><\/span><\/a>.<br \/>\nCette marque fran\u00e7aise, pr\u00e9sente un rapport qualit\u00e9 prix unique&#8230;<br \/>\nA vous d&rsquo;essayer pour \u00eatre convaincu par le naturel et la puissance maitris\u00e9e de leur restitution.<br \/>\nDes petits &#8211; compacts-\u00a0bijoux de technologie et d&rsquo;innovations qui montrent qu&rsquo;en France, on a toujours des id\u00e9es, bien plac\u00e9es&#8230;en prix.<\/li>\n<li><\/li>\n<\/ul>\n<p>Cot\u00e9 <span style=\"color: #993300;\"><strong>Enceintes<\/strong><\/span>,<br \/>\nil faut avoir entendu les <strong>Anti-Matter<\/strong> de MATTER Loudspeakers bien mises en \u0153uvres pour comprendre qu&rsquo;on est bien en face de l&rsquo;esprit des \u00e9lectronique Ypsilon avec qui elles partagent les concepteurs<span style=\"font-size: 1rem;\">. Ces dipoles &#8211; \u00ab\u00a0baffles plans\u00a0\u00bb vous font revivre n&rsquo;importe quel enregistrement avec une r\u00e9alisme exceptionnel. Les harmoniques sont si d\u00e9velopp\u00e9s, la dynamique est si pr\u00e9sente que les timbres jaillissent COMME SI LES INSTRUMENTS ETAIENT LA, ET LES CHANTEURS EN VIE.<\/span><\/p>\n<p>Au del\u00e0 du concept de dipole, cette enceinte \u00e9tonnante doit ses performances \u00e0 son <strong>tweeter \u00e0 ruban \u00ab\u00a0fait maison\u00a0\u00bb<\/strong> avec son bobinage r\u00e9alis\u00e9 avec Ypsilon et \u00e0 son filtrage a base de transformateurs (encore et toujours) permettant de r\u00e9gler la balance tonale de l&rsquo;enceinte et de <strong>l&rsquo;ACCORDER<\/strong> \u00e0 votre pi\u00e8ce, votre \u00e9lectronique et votre oreille.<br \/>\nCette mise au point permet d&rsquo;exploiter pleinement le potentiel de tout votre syst\u00e8me.<br \/>\nCe tweeter \u00e0 ruban est unique au monde comme le r\u00e9alisme du son produit par cette MATTER qui, vous transportera, sans exag\u00e9rer, dans une autre dimension.<\/p>\n<p>Bien sur, tous nos amplis Ypsilon parviennent \u00e0 les driver avec aisance&#8230;. Ils ont \u00e9t\u00e9 con\u00e7us dans le m\u00eame esprit et de la m\u00eame mani\u00e8re.<br \/>\nAvec 90 dB de rendement et une imp\u00e9dance variant de 8 \u00e0 4 ohms, toute amplification pourra livrer ses meilleures performance.<\/p>\n<hr \/>\n<p>Pour la \u00ab\u00a0d\u00e9mat\u00a0\u00bb nous avons fait le choix de\u00a0 <span style=\"color: #ff00ff;\"><strong>Pink Faun <\/strong><\/span>depuis cet \u00e9t\u00e9..<br \/>\nNous cherchions depuis longtemps\u00a0 le meilleur streamer.<br \/>\nC&rsquo;est d\u00e9venu une urgence avec la sortie du DAC 1000 Ypsilon. Son entr\u00e9e I2S est si transparente qu&rsquo;il faillait trouver le streamer ayant la meilleure sortie dans ce format.<br \/>\nHeureusement, parfois les choses vont de paire.<br \/>\nCe fut le cas avec Pink Faun.<br \/>\nEt pourtant\u00a0La qu\u00eate a \u00e9t\u00e9 longue et parfois lointaine, avec des tests de machines venant des antipodes (Nouvelle Zelande) d&rsquo;Angleterre et\u00a0 bien sur du Japon. Mais c&rsquo;est aux Pays Bas que naissent les meilleurs. Ils vendent d&rsquo;ailleurs de nombreux composants pour d&rsquo;autres fabricants.<br \/>\nLe streamer 2.16 ULTRA qui succ\u00e8de au 2.16 X est sans comparaison. Surtout s&rsquo;il est \u00e9quip\u00e9 des clocks ULTRA Oxco stables en phase. Ce sont les meilleures au monde.<\/p>\n<ul>\n<li>Mono &amp; Stereo a lui aussi fait ce choix attribuant la meilleures note \u00ab\u00a0UPPER CLASS\u00a0\u00bb au streamer<br \/>\nPink Faun.<img loading=\"lazy\" decoding=\"async\" class=\"alignnone size-full wp-image-6847\" src=\"http:\/\/musicadomia.com\/wp-content\/uploads\/2019\/12\/Mono-Stereo-Upper-class-Pink-Faun-Nov-2019.png\" alt=\"\" width=\"198\" height=\"200\" srcset=\"https:\/\/musicadomia.com\/wp-content\/uploads\/2019\/12\/Mono-Stereo-Upper-class-Pink-Faun-Nov-2019.png 198w, https:\/\/musicadomia.com\/wp-content\/uploads\/2019\/12\/Mono-Stereo-Upper-class-Pink-Faun-Nov-2019-100x100.png 100w\" sizes=\"auto, (max-width: 198px) 100vw, 198px\" \/><br \/>\nLa machine est rare et nous sommes le seul distributeur revendeur de la marque en France.<\/li>\n<\/ul>\n<hr \/>\n<p>Pour le <span style=\"color: #993300;\"><strong>traitement secteur<\/strong><\/span>, on a test\u00e9 beaucoup de choses.<br \/>\nUne des plus efficaces ET des plus polyvalentes est produit par <a href=\"http:\/\/www.gigawatt.eu\/\" target=\"_blank\" rel=\"noopener noreferrer\"><strong><span style=\"color: #0000ff;\">Gigawatt<\/span> <\/strong><\/a>notamment dans sa nouvelle version +<\/p>\n<hr \/>\n<p>L&rsquo;importance <span style=\"color: #993300;\"><strong>des c\u00e2bles<\/strong> <\/span>y compris secteur ne fait plus d\u00e9bat.<br \/>\nPour ces derniers nous repr\u00e9sentons <strong><span style=\"color: #0000ff;\">Gigawatt<\/span> <\/strong>et <a href=\"http:\/\/www.neodio.fr\/fr\/\" target=\"_blank\" rel=\"noopener noreferrer\"><span style=\"color: #0000ff;\"><strong>Neodio<\/strong><\/span><\/a>.<\/p>\n<hr \/>\n<p>Les <span style=\"color: #993300;\"><strong>traitements acoustiques<\/strong> <\/span>sont souvent indispensables \u00e0 condition d&rsquo;\u00eatre efficaces et suffisamment esth\u00e9tiques et discrets pour se faire oublier.<br \/>\nC&rsquo;est le cas des <span style=\"color: #0000ff;\"><strong>PYT<\/strong> <\/span>que nous installons, car le positionnement est \u00e9videmment important.<\/p>\n","protected":false},"excerpt":{"rendered":"<p>Tout les vendeurs vous diront qu&rsquo;ils repr\u00e9sentent les meilleures marques. La meilleure est aussi celle qui vous rend heureux. On ne\u00a0reparlera pas ici\u00a0des essais &#8211; cf menu \u00ab\u00a0a propos de Musicadomia\u00a0\u00bb &#8211; mais que des marques. Nous avons retenu deux marques d&rsquo;\u00e9lectroniques Ypsilon&#8230;Celle qui nous\u00a0fait changer de monde&#8230; N&rsquo;\u00e9coutez pas, n&rsquo;essayez pas, vous ne dormirez &hellip; <\/p>\n<p class=\"link-more\"><a href=\"https:\/\/musicadomia.com\/index.php\/marques\/\" class=\"more-link\">Continuer la lecture<span class=\"screen-reader-text\"> de &laquo;&nbsp;Marques&nbsp;&raquo;<\/span><\/a><\/p>\n","protected":false},"author":1,"featured_media":110,"parent":0,"menu_order":0,"comment_status":"closed","ping_status":"closed","template":"","meta":{"footnotes":""},"class_list":["post-81","page","type-page","status-publish","has-post-thumbnail","hentry"],"_links":{"self":[{"href":"https:\/\/musicadomia.com\/index.php\/wp-json\/wp\/v2\/pages\/81","targetHints":{"allow":["GET"]}}],"collection":[{"href":"https:\/\/musicadomia.com\/index.php\/wp-json\/wp\/v2\/pages"}],"about":[{"href":"https:\/\/musicadomia.com\/index.php\/wp-json\/wp\/v2\/types\/page"}],"author":[{"embeddable":true,"href":"https:\/\/musicadomia.com\/index.php\/wp-json\/wp\/v2\/users\/1"}],"replies":[{"embeddable":true,"href":"https:\/\/musicadomia.com\/index.php\/wp-json\/wp\/v2\/comments?post=81"}],"version-history":[{"count":1,"href":"https:\/\/musicadomia.com\/index.php\/wp-json\/wp\/v2\/pages\/81\/revisions"}],"predecessor-version":[{"id":7668,"href":"https:\/\/musicadomia.com\/index.php\/wp-json\/wp\/v2\/pages\/81\/revisions\/7668"}],"wp:featuredmedia":[{"embeddable":true,"href":"https:\/\/musicadomia.com\/index.php\/wp-json\/wp\/v2\/media\/110"}],"wp:attachment":[{"href":"https:\/\/musicadomia.com\/index.php\/wp-json\/wp\/v2\/media?parent=81"}],"curies":[{"name":"wp","href":"https:\/\/api.w.org\/{rel}","templated":true}]}}