{"id":6825,"date":"2019-11-13T23:06:14","date_gmt":"2019-11-13T22:06:14","guid":{"rendered":"http:\/\/musicadomia.com\/?page_id=6825"},"modified":"2024-04-08T14:25:06","modified_gmt":"2024-04-08T12:25:06","slug":"ecoutes-du-phaethon-et-du-dac-1000-ypsilon-au-salon-haute-fidelite-de-paris","status":"publish","type":"page","link":"https:\/\/musicadomia.com\/index.php\/ecoutes-du-phaethon-et-du-dac-1000-ypsilon-au-salon-haute-fidelite-de-paris\/","title":{"rendered":"Ecoutes du Phaethon et du DAC 1000 Ypsilon au Salon Haute Fid\u00e9lit\u00e9 de Paris"},"content":{"rendered":"<p>Nous \u00e9tions heureux de vous pr\u00e9senter en \u00e9coute les \u00e9lectroniques Ypsilon Phaethon et DAC 1000 Ypsilon au Salon Haute Fid\u00e9lit\u00e9 de Paris\u00a0les 7 et 8 d\u00e9cembre 2019<\/p>\n<p>Malgr\u00e9 la gr\u00e8ve, vous \u00eates venus nombreux \u00e9couter cet ensemble int\u00e9gr\u00e9.<\/p>\n<p>Comme source, le serveur 2.16 X Pink Faun (rare) ayant obtenu le \u00ab\u00a0Upper\u00a0\u00bb de Mono &amp; Stereo.<\/p>\n<p>Comme enceintes les toutes nouvelles TAD Evolution One TX prim\u00e9e au plus haut par le magazine Haute Fid\u00e9lit\u00e9.<\/p>\n<p>Un rendez-vous pour une \u00e9coute personnalis\u00e9e :\u00a0 contact@musicadomia.com<\/p>\n","protected":false},"excerpt":{"rendered":"<p>Nous \u00e9tions heureux de vous pr\u00e9senter en \u00e9coute les \u00e9lectroniques Ypsilon Phaethon et DAC 1000 Ypsilon au Salon Haute Fid\u00e9lit\u00e9 de Paris\u00a0les 7 et 8 d\u00e9cembre 2019 Malgr\u00e9 la gr\u00e8ve, vous \u00eates venus nombreux \u00e9couter cet ensemble int\u00e9gr\u00e9. Comme source, le serveur 2.16 X Pink Faun (rare) ayant obtenu le \u00ab\u00a0Upper\u00a0\u00bb de Mono &amp; Stereo. &hellip; <\/p>\n<p class=\"link-more\"><a href=\"https:\/\/musicadomia.com\/index.php\/ecoutes-du-phaethon-et-du-dac-1000-ypsilon-au-salon-haute-fidelite-de-paris\/\" class=\"more-link\">Continuer la lecture<span class=\"screen-reader-text\"> de &laquo;&nbsp;Ecoutes du Phaethon et du DAC 1000 Ypsilon au Salon Haute Fid\u00e9lit\u00e9 de Paris&nbsp;&raquo;<\/span><\/a><\/p>\n","protected":false},"author":1,"featured_media":0,"parent":0,"menu_order":0,"comment_status":"closed","ping_status":"closed","template":"","meta":{"footnotes":""},"class_list":["post-6825","page","type-page","status-publish","hentry"],"_links":{"self":[{"href":"https:\/\/musicadomia.com\/index.php\/wp-json\/wp\/v2\/pages\/6825","targetHints":{"allow":["GET"]}}],"collection":[{"href":"https:\/\/musicadomia.com\/index.php\/wp-json\/wp\/v2\/pages"}],"about":[{"href":"https:\/\/musicadomia.com\/index.php\/wp-json\/wp\/v2\/types\/page"}],"author":[{"embeddable":true,"href":"https:\/\/musicadomia.com\/index.php\/wp-json\/wp\/v2\/users\/1"}],"replies":[{"embeddable":true,"href":"https:\/\/musicadomia.com\/index.php\/wp-json\/wp\/v2\/comments?post=6825"}],"version-history":[{"count":0,"href":"https:\/\/musicadomia.com\/index.php\/wp-json\/wp\/v2\/pages\/6825\/revisions"}],"wp:attachment":[{"href":"https:\/\/musicadomia.com\/index.php\/wp-json\/wp\/v2\/media?parent=6825"}],"curies":[{"name":"wp","href":"https:\/\/api.w.org\/{rel}","templated":true}]}}