{"id":551,"date":"2017-10-23T11:26:33","date_gmt":"2017-10-23T09:26:33","guid":{"rendered":"http:\/\/musicadomia.com\/?page_id=551"},"modified":"2024-04-08T14:25:06","modified_gmt":"2024-04-08T12:25:06","slug":"helixir-audio","status":"publish","type":"page","link":"https:\/\/musicadomia.com\/index.php\/helixir-audio\/","title":{"rendered":"H\u00e9lixir Audio"},"content":{"rendered":"<div class=\"slide-content\">\n<header class=\"entry-content-header\">\n<h3 class=\"slide-entry-title entry-title\"><a title=\"HELIXIR au Festival SON&amp;IMAGE 2017\" href=\"http:\/\/www.helixir-audio.com\/helixir-au-festival-sonimage-2017\">HELIXIR au Festival SON&amp;IMAGE 2017<\/a><\/h3>\n<\/header>\n<div class=\"slide-meta\"><time class=\"slide-meta-time updated\" datetime=\"2013-10-06T19:05:52+00:00\">29 ao\u00fbt 2017<\/time><\/div>\n<div class=\"slide-entry-excerpt entry-content\">Notre prochain rendez-vous sera au c\u0153ur de PARIS, \u00e0 l&rsquo;h\u00f4tel\u2026<\/div>\n<\/div>\n<footer class=\"entry-footer\"><\/footer>\n<article class=\"slide-entry flex_column  post-entry post-entry-773 slide-entry-overview slide-loop-2 slide-parity-even  av_one_third  real-thumbnail\"><a class=\"slide-image\" title=\"\" href=\"http:\/\/www.helixir-audio.com\/helixir-sera-present-au-high-end-munich\" data-rel=\"slide-1\"><img loading=\"lazy\" decoding=\"async\" class=\"attachment-portfolio wp-post-image\" src=\"http:\/\/www.helixir-audio.com\/wp-content\/uploads\/2016\/04\/Munich_actu.gif\" alt=\"Pr\u00e9sentation Salon de Munich\" width=\"209\" height=\"209\" \/><\/a><\/p>\n<div class=\"slide-content\">\n<header class=\"entry-content-header\">\n<h3 class=\"slide-entry-title entry-title\"><a title=\"HELIXIR sera pr\u00e9sent au High-End de Munich\" href=\"http:\/\/www.helixir-audio.com\/helixir-sera-present-au-high-end-munich\">HELIXIR sera pr\u00e9sent au High-End de Munich<\/a><\/h3>\n<\/header>\n<div class=\"slide-meta\"><time class=\"slide-meta-time updated\" datetime=\"2013-10-06T19:05:52+00:00\">15 avril 2016<\/time><\/div>\n<div class=\"slide-entry-excerpt entry-content\">Venez nous retrouver lors du salon High-End de Munich, du\u2026<\/div>\n<\/div>\n<footer class=\"entry-footer\"><\/footer>\n<\/article>\n<article class=\"slide-entry flex_column  post-entry post-entry-738 slide-entry-overview slide-loop-3 slide-parity-odd  av_one_third  real-thumbnail\"><a class=\"slide-image\" title=\"\" href=\"http:\/\/www.helixir-audio.com\/gran-gala-rome-2015-fone\" data-rel=\"slide-1\"><img loading=\"lazy\" decoding=\"async\" class=\"attachment-portfolio wp-post-image\" src=\"http:\/\/www.helixir-audio.com\/wp-content\/uploads\/2015\/04\/ROMA_une.jpg\" alt=\"Helixir-Audio ROMA\" width=\"396\" height=\"396\" \/><\/a><\/p>\n<div class=\"slide-content\">\n<header class=\"entry-content-header\">\n<h3 class=\"slide-entry-title entry-title\"><a title=\"Gran Gal\u00e0 Rome 2015 - Fon\u00e8\" href=\"http:\/\/www.helixir-audio.com\/gran-gala-rome-2015-fone\">Gran Gal\u00e0 Rome 2015 &#8211; Fon\u00e8<\/a><\/h3>\n<\/header>\n<div class=\"slide-meta\"><time class=\"slide-meta-time updated\" datetime=\"2013-10-06T19:05:52+00:00\">3 avril 2015<\/time><\/div>\n<div class=\"slide-entry-excerpt entry-content\">Grazie Roma e il signore Ricci ! Quel moment plaisant ce salon\u2026<\/div>\n<\/div>\n<footer class=\"entry-footer\"><\/footer>\n<\/article>\n<div class=\"slide-entry-wrap\">\n<article class=\"slide-entry flex_column  post-entry post-entry-714 slide-entry-overview slide-loop-4 slide-parity-odd  av_one_third first real-thumbnail\"><a class=\"slide-image\" title=\"\" href=\"http:\/\/www.helixir-audio.com\/gran-gala-dellalta-fedelta-rome\" data-rel=\"slide-1\"><img loading=\"lazy\" decoding=\"async\" class=\"attachment-portfolio wp-post-image\" src=\"http:\/\/www.helixir-audio.com\/wp-content\/uploads\/2015\/03\/actualit\u00e9-salon-italie.jpg\" alt=\"actualit\u00e9-salon-italie\" width=\"396\" height=\"396\" \/><\/a><\/p>\n<div class=\"slide-content\">\n<header class=\"entry-content-header\">\n<h3 class=\"slide-entry-title entry-title\"><a title=\"Gran Gal\u00e0 dell'Alta Fedelt\u00e0 - ROME\" href=\"http:\/\/www.helixir-audio.com\/gran-gala-dellalta-fedelta-rome\">Gran Gal\u00e0 dell&rsquo;Alta Fedelt\u00e0 &#8211; ROME<\/a><\/h3>\n<\/header>\n<div class=\"slide-meta\"><time class=\"slide-meta-time updated\" datetime=\"2013-10-06T19:05:52+00:00\">12 mars 2015<\/time><\/div>\n<div class=\"slide-entry-excerpt entry-content\">HELIXIR sera pr\u00e9sent au Gran Gal\u00e0 dell&rsquo;Alta Fedelt\u00e0 en Italie,\u2026<\/div>\n<\/div>\n<footer class=\"entry-footer\"><\/footer>\n<\/article>\n<article class=\"slide-entry flex_column  post-entry post-entry-678 slide-entry-overview slide-loop-5 slide-parity-even  av_one_third  real-thumbnail\"><a class=\"slide-image\" title=\"\" href=\"http:\/\/www.helixir-audio.com\/micro-100db-plage-dynamique\" data-rel=\"slide-1\"><img loading=\"lazy\" decoding=\"async\" class=\"attachment-portfolio wp-post-image\" src=\"http:\/\/www.helixir-audio.com\/wp-content\/uploads\/2014\/10\/Micro_Une.jpg\" alt=\"Micro\" width=\"396\" height=\"396\" \/><\/a><\/p>\n<div class=\"slide-content\">\n<header class=\"entry-content-header\">\n<h3 class=\"slide-entry-title entry-title\"><a title=\"Un micro \u00e0 100dB de plage dynamique ?\" href=\"http:\/\/www.helixir-audio.com\/micro-100db-plage-dynamique\">Un micro \u00e0 100dB de plage dynamique ?<\/a><\/h3>\n<\/header>\n<div class=\"slide-meta\"><time class=\"slide-meta-time updated\" datetime=\"2013-10-06T19:05:52+00:00\">14 octobre 2014<\/time><\/div>\n<div class=\"slide-entry-excerpt entry-content\">Cela fait un certain temps d\u00e9j\u00e0 que nous nous int\u00e9ressions\u2026<\/div>\n<\/div>\n<footer class=\"entry-footer\"><\/footer>\n<\/article>\n<article class=\"slide-entry flex_column  post-entry post-entry-617 slide-entry-overview slide-loop-6 slide-parity-odd  av_one_third  real-thumbnail\"><a class=\"slide-image\" title=\"\" href=\"http:\/\/www.helixir-audio.com\/salon-haute-fidelite-2013-chez-helixir\" data-rel=\"slide-1\"><img loading=\"lazy\" decoding=\"async\" class=\"attachment-portfolio wp-post-image\" src=\"http:\/\/www.helixir-audio.com\/wp-content\/uploads\/2013\/11\/Salon13_Une.jpg\" alt=\"Microphone de 100dB de dynamique\" width=\"396\" height=\"396\" \/><\/a><\/p>\n<div class=\"slide-content\">\n<header class=\"entry-content-header\">\n<h3 class=\"slide-entry-title entry-title\"><a title=\"Le Salon Haute Fid\u00e9lit\u00e9 2013 chez HELIXIR\" href=\"http:\/\/www.helixir-audio.com\/salon-haute-fidelite-2013-chez-helixir\">Le Salon Haute Fid\u00e9lit\u00e9 2013 chez HELIXIR<\/a><\/h3>\n<\/header>\n<div class=\"slide-meta\"><time class=\"slide-meta-time updated\" datetime=\"2013-10-06T19:05:52+00:00\">17 novembre 2013<\/time><\/div>\n<div class=\"slide-entry-excerpt entry-content\">Toute l&rsquo;\u00e9quipe d&rsquo;HELIXIR AUDIO tenait \u00e0 vous remercier chaleureusement\u2026<\/div>\n<\/div>\n<footer class=\"entry-footer\"><\/footer>\n<\/article>\n<\/div>\n<div class=\"slide-entry-wrap\">\n<article class=\"slide-entry flex_column  post-entry post-entry-226 slide-entry-overview slide-loop-7 slide-parity-odd  av_one_third first real-thumbnail\"><a class=\"slide-image\" title=\"\" href=\"http:\/\/www.helixir-audio.com\/exposant-au-salon-haute-fidelite-a-paris-le-9-et-10-novembre-2013\" data-rel=\"slide-1\"><img loading=\"lazy\" decoding=\"async\" class=\"attachment-portfolio wp-post-image\" src=\"http:\/\/www.helixir-audio.com\/wp-content\/uploads\/2013\/09\/affiche-carre.png\" alt=\"affiche-carre\" width=\"396\" height=\"396\" \/><\/a><\/p>\n<div class=\"slide-content\">\n<header class=\"entry-content-header\">\n<h3 class=\"slide-entry-title entry-title\"><a title=\"Salon Haute Fid\u00e9lit\u00e9 \u00e0 Paris le 9 et 10 novembre 2013\" href=\"http:\/\/www.helixir-audio.com\/exposant-au-salon-haute-fidelite-a-paris-le-9-et-10-novembre-2013\">Salon Haute Fid\u00e9lit\u00e9 \u00e0 Paris le 9 et 10 novembre 2013<\/a><\/h3>\n<\/header>\n<div class=\"slide-meta\"><time class=\"slide-meta-time updated\" datetime=\"2013-10-06T19:05:52+00:00\">6 octobre 2013<\/time><\/div>\n<div class=\"slide-entry-excerpt entry-content\">Retrouvez H\u00e9lixir au salon Haute fid\u00e9lit\u00e9.<\/div>\n<\/div>\n<\/article>\n<\/div>\n","protected":false},"excerpt":{"rendered":"<p>HELIXIR au Festival SON&amp;IMAGE 2017 29 ao\u00fbt 2017 Notre prochain rendez-vous sera au c\u0153ur de PARIS, \u00e0 l&rsquo;h\u00f4tel\u2026 HELIXIR sera pr\u00e9sent au High-End de Munich 15 avril 2016 Venez nous retrouver lors du salon High-End de Munich, du\u2026 Gran Gal\u00e0 Rome 2015 &#8211; Fon\u00e8 3 avril 2015 Grazie Roma e il signore Ricci ! Quel &hellip; <\/p>\n<p class=\"link-more\"><a href=\"https:\/\/musicadomia.com\/index.php\/helixir-audio\/\" class=\"more-link\">Continuer la lecture<span class=\"screen-reader-text\"> de &laquo;&nbsp;H\u00e9lixir Audio&nbsp;&raquo;<\/span><\/a><\/p>\n","protected":false},"author":1,"featured_media":0,"parent":0,"menu_order":0,"comment_status":"closed","ping_status":"closed","template":"","meta":{"footnotes":""},"class_list":["post-551","page","type-page","status-publish","hentry"],"_links":{"self":[{"href":"https:\/\/musicadomia.com\/index.php\/wp-json\/wp\/v2\/pages\/551","targetHints":{"allow":["GET"]}}],"collection":[{"href":"https:\/\/musicadomia.com\/index.php\/wp-json\/wp\/v2\/pages"}],"about":[{"href":"https:\/\/musicadomia.com\/index.php\/wp-json\/wp\/v2\/types\/page"}],"author":[{"embeddable":true,"href":"https:\/\/musicadomia.com\/index.php\/wp-json\/wp\/v2\/users\/1"}],"replies":[{"embeddable":true,"href":"https:\/\/musicadomia.com\/index.php\/wp-json\/wp\/v2\/comments?post=551"}],"version-history":[{"count":0,"href":"https:\/\/musicadomia.com\/index.php\/wp-json\/wp\/v2\/pages\/551\/revisions"}],"wp:attachment":[{"href":"https:\/\/musicadomia.com\/index.php\/wp-json\/wp\/v2\/media?parent=551"}],"curies":[{"name":"wp","href":"https:\/\/api.w.org\/{rel}","templated":true}]}}