{"id":523,"date":"2017-10-22T15:02:08","date_gmt":"2017-10-22T13:02:08","guid":{"rendered":"http:\/\/musicadomia.com\/?page_id=523"},"modified":"2017-10-23T18:58:53","modified_gmt":"2017-10-23T16:58:53","slug":"helixir-audio-dans-les-salons","status":"publish","type":"page","link":"https:\/\/musicadomia.com\/index.php\/helixir-audio-dans-les-salons\/","title":{"rendered":"Salons H\u00e9lixir Audio"},"content":{"rendered":"<hr \/>\n<hr \/>\n<p><span style=\"color: #3366ff;\"><strong>Festival Son &amp; Image H\u00f4tel Novotel Octobre 2O17<\/strong><\/span><\/p>\n<p><u><a href=\"http:\/\/www.voir-et-emouvoir.com\/2017\/10\/festival-image-2017\/\" target=\"_blank\" rel=\"noopener noreferrer\">H\u00e9lixir re\u00e7oit le \u00ab\u00a0coup de c\u0153ur\u00a0\u00bb du salon par Voir &amp; \u00e9mouvoir <em>en savoir <\/em><\/a><em>plus <\/em><\/u><\/p>\n<p><img loading=\"lazy\" decoding=\"async\" class=\"alignnone wp-image-222\" src=\"http:\/\/overseasaudio.com\/wp-content\/uploads\/2017\/10\/Voir-emouvoir.jpg\" alt=\"\" width=\"190\" height=\"42\" \/><\/p>\n","protected":false},"excerpt":{"rendered":"<p>Festival Son &amp; Image H\u00f4tel Novotel Octobre 2O17 H\u00e9lixir re\u00e7oit le \u00ab\u00a0coup de c\u0153ur\u00a0\u00bb du salon par Voir &amp; \u00e9mouvoir en savoir plus<\/p>\n","protected":false},"author":1,"featured_media":0,"parent":0,"menu_order":0,"comment_status":"closed","ping_status":"closed","template":"","meta":{"footnotes":""},"class_list":["post-523","page","type-page","status-publish","hentry"],"_links":{"self":[{"href":"https:\/\/musicadomia.com\/index.php\/wp-json\/wp\/v2\/pages\/523","targetHints":{"allow":["GET"]}}],"collection":[{"href":"https:\/\/musicadomia.com\/index.php\/wp-json\/wp\/v2\/pages"}],"about":[{"href":"https:\/\/musicadomia.com\/index.php\/wp-json\/wp\/v2\/types\/page"}],"author":[{"embeddable":true,"href":"https:\/\/musicadomia.com\/index.php\/wp-json\/wp\/v2\/users\/1"}],"replies":[{"embeddable":true,"href":"https:\/\/musicadomia.com\/index.php\/wp-json\/wp\/v2\/comments?post=523"}],"version-history":[{"count":0,"href":"https:\/\/musicadomia.com\/index.php\/wp-json\/wp\/v2\/pages\/523\/revisions"}],"wp:attachment":[{"href":"https:\/\/musicadomia.com\/index.php\/wp-json\/wp\/v2\/media?parent=523"}],"curies":[{"name":"wp","href":"https:\/\/api.w.org\/{rel}","templated":true}]}}