{"id":450,"date":"2017-10-21T21:39:37","date_gmt":"2017-10-21T19:39:37","guid":{"rendered":"http:\/\/musicadomia.com\/?page_id=450"},"modified":"2018-03-12T13:02:42","modified_gmt":"2018-03-12T12:02:42","slug":"presse-et-temoignages","status":"publish","type":"page","link":"https:\/\/musicadomia.com\/index.php\/presse-et-temoignages\/","title":{"rendered":"Ypsilon"},"content":{"rendered":"<h1><!-- x-tinymce\/html --><strong>Ypsilon <\/strong><\/h1>\n<p><a href=\"http:\/\/www.monoandstereo.com\/2016\/04\/ypsilon-electronics-visit.html\" target=\"_blank\" rel=\"noopener noreferrer\">\u21d2 Mono &amp; St\u00e9r\u00e9o article sur la soci\u00e9t\u00e9 Ypsilon<\/a>\u00a0 <img loading=\"lazy\" decoding=\"async\" class=\"alignnone wp-image-209\" src=\"http:\/\/overseasaudio.com\/wp-content\/uploads\/2017\/10\/Mono-Stereo-300x79.jpg\" alt=\"\" width=\"180\" height=\"47\" \/><\/p>\n<p><span style=\"color: #3366ff;\"><strong>Amplificateurs Aelius<\/strong><\/span><br \/>\n\u21d2 <a href=\"http:\/\/www.audiophile-magazine.com\/bancs-d-essais\/ypsilon-aelius\" target=\"_blank\" rel=\"noopener noreferrer\"><strong>Audiophile Magazine<\/strong> article de Jo\u00ebl Chevassus\u00a0(fran\u00e7ais)\u00a0<\/a>\u00a0<a href=\"http:\/\/www.audiophile-magazine.com\/bancs-d-essais\/ypsilon-aelius\" target=\"_blank\" rel=\"noopener noreferrer\"><img loading=\"lazy\" decoding=\"async\" class=\"alignnone wp-image-200\" src=\"http:\/\/overseasaudio.com\/wp-content\/uploads\/2017\/10\/Audiophile-magazine-300x84.jpg\" alt=\"\" width=\"145\" height=\"41\" \/><\/a><\/p>\n<p>\u21d2 <a href=\"http:\/\/www.stereophile.com\/content\/ypsilon-aelius-monoblock-power-amplifier\" target=\"_blank\" rel=\"noopener noreferrer\"><strong>Stereophile<\/strong> article de Micha\u00ebl Fremer\u00a0(anglais)<\/a>\u00a0 <img loading=\"lazy\" decoding=\"async\" class=\"alignnone wp-image-208\" src=\"http:\/\/overseasaudio.com\/wp-content\/uploads\/2017\/10\/Stereophile-300x65.jpg\" alt=\"\" width=\"120\" height=\"26\" \/><\/p>\n<p>\u21d2 <a href=\"http:\/\/www.positive-feedback.com\/Issue75\/ypsilon_aelius.htm\" target=\"_blank\" rel=\"noopener noreferrer\"><strong>Positive Feedback<\/strong> article de Marshall Nack\u00a0(anglais)<\/a> <img loading=\"lazy\" decoding=\"async\" class=\"alignnone wp-image-205\" src=\"http:\/\/overseasaudio.com\/wp-content\/uploads\/2017\/10\/Positive-Feedback.jpg\" alt=\"\" width=\"43\" height=\"41\" \/><\/p>\n<p>\u21d2 <a href=\"http:\/\/www.theaudiobeat.com\/equipment\/ypsilon_aelius.htm\" target=\"_blank\" rel=\"noopener noreferrer\"><strong>the Audiobeat<\/strong> article de\u00a0\u00a0Marc Mickelson\u00a0\u00a0(anglais)<\/a> <img loading=\"lazy\" decoding=\"async\" class=\"alignnone wp-image-206\" src=\"http:\/\/overseasaudio.com\/wp-content\/uploads\/2017\/10\/the-Audiobeat-300x108.jpg\" alt=\"\" width=\"100\" height=\"36\" \/><\/p>\n<p>\u21d2 <a href=\"https:\/\/youtu.be\/XyouvADWuFY\" target=\"_blank\" rel=\"noopener noreferrer\"><strong>AVequipment<\/strong> video Peter Breuninger<\/a> <img loading=\"lazy\" decoding=\"async\" class=\"alignnone wp-image-204\" src=\"http:\/\/overseasaudio.com\/wp-content\/uploads\/2017\/10\/AV-showrooms-300x43.jpg\" alt=\"\" width=\"155\" height=\"22\" \/><\/p>\n<p>&nbsp;<\/p>\n<p><span style=\"color: #3366ff;\"><strong>Pr\u00e9amplificateur PST 100 Mk2<\/strong><\/span><\/p>\n<p>\u21d2 <a href=\"http:\/\/www.stereophile.com\/content\/ypsilon-pst-100-mkii-line-preamplifier#EvT39fI0UR5kgARg.97de\" target=\"_blank\" rel=\"noopener noreferrer\"><strong>Stereophile<\/strong> PST 100 Mk2 article de Micha\u00ebl Fremer\u00a0(anglais)<\/a> <img loading=\"lazy\" decoding=\"async\" class=\"alignnone wp-image-208\" src=\"http:\/\/overseasaudio.com\/wp-content\/uploads\/2017\/10\/Stereophile-300x65.jpg\" alt=\"\" width=\"120\" height=\"26\" \/><\/p>\n<p>\u21d2 <a href=\"https:\/\/positive-feedback.com\/Issue74\/ypsilon_pst100.htm\" target=\"_blank\" rel=\"noopener noreferrer\"><strong>Positive Feedback\u00a0<\/strong>PST 100\u00a0Mk2\u00a0article de Marshall Na<\/a><a href=\"https:\/\/positive-feedback.com\/Issue74\/ypsilon_pst100.htm\" target=\"_blank\" rel=\"noopener noreferrer\">ck<\/a>\u00a0(anglais) <img loading=\"lazy\" decoding=\"async\" class=\"alignnone wp-image-205\" src=\"http:\/\/overseasaudio.com\/wp-content\/uploads\/2017\/10\/Positive-Feedback.jpg\" alt=\"\" width=\"43\" height=\"41\" \/><\/p>\n<p>\u21d2 <a href=\"https:\/\/www.dagogo.com\/ypsilon-pst-100-mk2-preamplifier-review\/\" target=\"_blank\" rel=\"noopener noreferrer\"><strong>Dagogo<\/strong> \u00a0<\/a>article de Ed Momkus(anglais)\u00a0 <img loading=\"lazy\" decoding=\"async\" class=\"alignnone wp-image-197\" src=\"http:\/\/overseasaudio.com\/wp-content\/uploads\/2017\/10\/Dagogo.jpg\" alt=\"\" width=\"105\" height=\"30\" \/><\/p>\n<p>\u21d2 <a href=\"https:\/\/youtu.be\/-ZSOnU2w0mI\" target=\"_blank\" rel=\"noopener noreferrer\"><strong>AVequipment<\/strong>\u00a0PST 100 Mk2 video de Peter Breuninger\u00a0<\/a><a href=\"http:\/\/www.positive-feedback.com\/Issue75\/ypsilon_aelius.htm\" target=\"_blank\" rel=\"noopener noreferrer\">(anglais)<\/a> <img loading=\"lazy\" decoding=\"async\" class=\"alignnone wp-image-204\" src=\"http:\/\/overseasaudio.com\/wp-content\/uploads\/2017\/10\/AV-showrooms-300x43.jpg\" alt=\"\" width=\"155\" height=\"22\" \/><\/p>\n<p>&nbsp;<\/p>\n<p><span style=\"color: #3366ff;\"><strong>Couple amplificateurs bloc mono Aelius + pr\u00e9ampli PST 100<\/strong><\/span><\/p>\n<p>\u21d2 <a href=\"http:\/\/ypsilonelectronics.com\/wp-content\/uploads\/2016\/08\/Presse-Haute-Fidelite-Ypsilon-Aelius-Ypsilon-PST-100-MK-II.pdf\" target=\"_blank\" rel=\"noopener noreferrer\"><strong>Haute Fid\u00e9lit\u00e9<\/strong> magazine article de Dominique Mafrand <\/a>(fran\u00e7ais) <img loading=\"lazy\" decoding=\"async\" class=\"alignnone wp-image-210\" src=\"http:\/\/overseasaudio.com\/wp-content\/uploads\/2017\/10\/Haute-Fidelite-300x61.jpg\" alt=\"\" width=\"140\" height=\"28\" \/><\/p>\n<p>\u21d2 <a href=\"https:\/\/youtu.be\/OUFTq9Jdguk\" target=\"_blank\" rel=\"noopener noreferrer\"><strong>AVequipment <\/strong>video de Peter Breuninger <\/a>(anglais) <img loading=\"lazy\" decoding=\"async\" class=\"alignnone wp-image-204\" src=\"http:\/\/overseasaudio.com\/wp-content\/uploads\/2017\/10\/AV-showrooms-300x43.jpg\" alt=\"\" width=\"155\" height=\"22\" \/><\/p>\n<p>\u21d2 <a href=\"https:\/\/hifilivemagazine.com\/previo-ypsilon-pst-100-mkii-etapas-aelius-2\/\" target=\"_blank\" rel=\"noopener noreferrer\"><strong>HIFI Live<\/strong> : ensemble Ypsilon (Aelius + PST 100)<\/a>\u00a0(espagnol)\u00a0<img loading=\"lazy\" decoding=\"async\" class=\"alignnone wp-image-202\" src=\"http:\/\/overseasaudio.com\/wp-content\/uploads\/2017\/10\/Hifilive.jpg\" alt=\"\" width=\"110\" height=\"42\" \/><br \/>\n<strong><a href=\"http:\/\/www.aca.gr\/index\/forums\/fen\/hiend2?row=2528\" target=\"_blank\" rel=\"noopener noreferrer\">report du Audiophile Club d&rsquo;Ath\u00e8nes\u00a0<\/a><\/strong> (anglais) <img loading=\"lazy\" decoding=\"async\" class=\"alignnone wp-image-212\" src=\"http:\/\/overseasaudio.com\/wp-content\/uploads\/2017\/10\/ACAthenes.jpg\" alt=\"\" width=\"60\" height=\"60\" \/><\/p>\n<p>&nbsp;<\/p>\n<p><span style=\"color: #3366ff;\"><strong>Amplificateur int\u00e9gr\u00e9 Phaethon<\/strong><\/span><br \/>\n\u21d2 <a href=\"https:\/\/hifilivemagazine.com\/ypsilon-phaethon-2\/\" target=\"_blank\" rel=\"noopener noreferrer\"><strong>HIFI Live<\/strong>: integr\u00e9 Phaeton <\/a>(espagnol) <img loading=\"lazy\" decoding=\"async\" class=\"alignnone wp-image-202\" src=\"http:\/\/overseasaudio.com\/wp-content\/uploads\/2017\/10\/Hifilive.jpg\" alt=\"\" width=\"110\" height=\"42\" \/><\/p>\n<p>\u21d2 <a href=\"http:\/\/www.monoandstereo.com\/2016\/03\/ypsilon-phaethon-integrated-amplifier.html\" target=\"_blank\" rel=\"noopener noreferrer\"><strong>Mono &amp; Stereo<\/strong> : integr\u00e9 Phaeton<\/a> (anglais) <img loading=\"lazy\" decoding=\"async\" class=\"alignnone wp-image-209\" src=\"http:\/\/overseasaudio.com\/wp-content\/uploads\/2017\/10\/Mono-Stereo-300x79.jpg\" alt=\"\" width=\"180\" height=\"47\" \/><\/p>\n<div id=\"id_59eb7322ba7fe2849388574\" class=\"text_exposed_root text_exposed\">\n<p><strong>Deux\u00a0 Golden Ear 2017 de The Absolute Sound (Phaethon et Hyp\u00e9rion)<\/strong><\/p>\n<p>\u21d2\u00a0<a href=\"http:\/\/musicadomia.com\/index.php\/golden-ear-2017-phaethon\/\" target=\"_blank\" rel=\"noopener noreferrer\">Golden Ear de\u00a0Neil Gader pour l&rsquo;int\u00e9gr\u00e9 <strong>Phaethon<\/strong><\/a>\u00a0\u00a0(anglais) <img loading=\"lazy\" decoding=\"async\" class=\"alignnone wp-image-507\" src=\"http:\/\/musicadomia.com\/wp-content\/uploads\/2017\/10\/Goldenear-The-Absolute-Sound-2017-Hyperion-300x300.jpg\" alt=\"\" width=\"80\" height=\"80\" srcset=\"https:\/\/musicadomia.com\/wp-content\/uploads\/2017\/10\/Goldenear-The-Absolute-Sound-2017-Hyperion-300x300.jpg 300w, https:\/\/musicadomia.com\/wp-content\/uploads\/2017\/10\/Goldenear-The-Absolute-Sound-2017-Hyperion-150x150.jpg 150w, https:\/\/musicadomia.com\/wp-content\/uploads\/2017\/10\/Goldenear-The-Absolute-Sound-2017-Hyperion-768x768.jpg 768w, https:\/\/musicadomia.com\/wp-content\/uploads\/2017\/10\/Goldenear-The-Absolute-Sound-2017-Hyperion-100x100.jpg 100w, https:\/\/musicadomia.com\/wp-content\/uploads\/2017\/10\/Goldenear-The-Absolute-Sound-2017-Hyperion.jpg 800w\" sizes=\"auto, (max-width: 80px) 100vw, 80px\" \/><\/p>\n<\/div>\n<p><strong><span style=\"color: #3366ff;\">DAC 100<\/span><br \/>\n<\/strong>\u21d2 <a href=\"https:\/\/www.dagogo.com\/ypsilon-dac-100-review\/\" target=\"_blank\" rel=\"noopener noreferrer\">Dagogo article de Constantine SOO sur le DAC 100 (anglais<\/a>) <img loading=\"lazy\" decoding=\"async\" class=\"alignnone wp-image-197\" src=\"http:\/\/overseasaudio.com\/wp-content\/uploads\/2017\/10\/Dagogo.jpg\" alt=\"\" width=\"105\" height=\"30\" \/><\/p>\n<p>&nbsp;<\/p>\n<p><span style=\"color: #3366ff;\"><strong>Amplificateurs Hyp\u00e9rion<\/strong><\/span><\/p>\n<p>\u21d2\u00a0<a href=\"http:\/\/musicadomia.com\/index.php\/golden-ear-the-absolute-sound-2017-hyperion\/\" target=\"_blank\" rel=\"noopener noreferrer\">Golden Ear\u00a02017 de Jacob Heilbrunn\u00a0 The Absolute Sound pour <strong>l&rsquo;Hyp\u00e9rion<\/strong><\/a>\u00a0(anglais)\u00a0\u00a0\u00a0 <img loading=\"lazy\" decoding=\"async\" class=\"alignnone wp-image-507\" src=\"http:\/\/musicadomia.com\/wp-content\/uploads\/2017\/10\/Goldenear-The-Absolute-Sound-2017-Hyperion-300x300.jpg\" alt=\"\" width=\"80\" height=\"80\" srcset=\"https:\/\/musicadomia.com\/wp-content\/uploads\/2017\/10\/Goldenear-The-Absolute-Sound-2017-Hyperion-300x300.jpg 300w, https:\/\/musicadomia.com\/wp-content\/uploads\/2017\/10\/Goldenear-The-Absolute-Sound-2017-Hyperion-150x150.jpg 150w, https:\/\/musicadomia.com\/wp-content\/uploads\/2017\/10\/Goldenear-The-Absolute-Sound-2017-Hyperion-768x768.jpg 768w, https:\/\/musicadomia.com\/wp-content\/uploads\/2017\/10\/Goldenear-The-Absolute-Sound-2017-Hyperion-100x100.jpg 100w, https:\/\/musicadomia.com\/wp-content\/uploads\/2017\/10\/Goldenear-The-Absolute-Sound-2017-Hyperion.jpg 800w\" sizes=\"auto, (max-width: 80px) 100vw, 80px\" \/><\/p>\n<p>\u21d2 <a href=\"http:\/\/musicadomia.com\/wp-content\/uploads\/2018\/03\/STRP-180400-YPSILON.pdf\" target=\"_blank\" rel=\"noopener noreferrer\"><strong>Stereophile <\/strong>Michael Fremer <\/a><a href=\"http:\/\/musicadomia.com\/wp-content\/uploads\/2018\/03\/STRP-180400-YPSILON.pdf\" target=\"_blank\" rel=\"noopener noreferrer\">:\u00a0Hyp\u00e9rion<br \/>\n<img loading=\"lazy\" decoding=\"async\" class=\"alignnone wp-image-208\" src=\"http:\/\/overseasaudio.com\/wp-content\/uploads\/2017\/10\/Stereophile-300x65.jpg\" alt=\"\" width=\"120\" height=\"26\" \/><\/a><\/p>\n<p>\u21d2 <a href=\"http:\/\/www.monoandstereo.com\/2016\/05\/ypsilon-electronics-hyperion-power.html\" target=\"_blank\" rel=\"noopener noreferrer\"><strong>Mono &amp; Stereo<\/strong> :\u00a0Hyp\u00e9rion <\/a>(anglais)\u00a0 <img loading=\"lazy\" decoding=\"async\" class=\"alignnone wp-image-209\" src=\"http:\/\/overseasaudio.com\/wp-content\/uploads\/2017\/10\/Mono-Stereo-300x79.jpg\" alt=\"\" width=\"180\" height=\"47\" \/><\/p>\n<p>\u21d2 <a href=\"https:\/\/youtu.be\/uX3VmqOZzmg\" target=\"_blank\" rel=\"noopener noreferrer\"><strong>AVshowreports<\/strong> Hyp\u00e9rion video de Peter Breuninger<\/a> (anglais)\u00a0 <img loading=\"lazy\" decoding=\"async\" class=\"alignnone wp-image-204\" src=\"http:\/\/overseasaudio.com\/wp-content\/uploads\/2017\/10\/AV-showrooms-300x43.jpg\" alt=\"\" width=\"155\" height=\"22\" \/><\/p>\n<div id=\"id_59eb7322ba7fe2849388574\" class=\"text_exposed_root text_exposed\">\n<p>&nbsp;<\/p>\n<p><span style=\"color: #3366ff;\"><strong>Lecteur Compact Disc CDT 100<\/strong><\/span><\/p>\n<p>\u21d2\u00a0<a href=\"http:\/\/www.monoandstereo.com\/2016\/06\/ypsilon-cdt-100-review.html\" target=\"_blank\" rel=\"noopener noreferrer\"><strong>Mono &amp; Stereo<\/strong> par Ahmet Kip : CDT 100<\/a>\u00a0(anglais) <a href=\"http:\/\/www.monoandstereo.com\/2016\/06\/ypsilon-cdt-100-review.html\" target=\"_blank\" rel=\"noopener noreferrer\"><img loading=\"lazy\" decoding=\"async\" class=\"alignnone wp-image-209\" src=\"http:\/\/overseasaudio.com\/wp-content\/uploads\/2017\/10\/Mono-Stereo-300x79.jpg\" alt=\"\" width=\"180\" height=\"47\" \/><\/a><\/p>\n<\/div>\n<p>&nbsp;<\/p>\n<p><span style=\"color: #3366ff;\"><strong>Pr\u00e9amplificateur Phono VPS 100<\/strong><\/span><\/p>\n<p>\u21d2\u00a0<a href=\"http:\/\/musicadomia.com\/index.php\/golden-ear-the-a\u2026re-phono-vps-100\/\" target=\"_blank\" rel=\"noopener noreferrer\">Golden Ear The Absolute Sound pour le VPS 100 <\/a>\u00a0 <img loading=\"lazy\" decoding=\"async\" class=\"alignnone wp-image-504\" src=\"http:\/\/musicadomia.com\/wp-content\/uploads\/2017\/10\/golden-ear-2015.png\" alt=\"\" width=\"80\" height=\"80\" srcset=\"https:\/\/musicadomia.com\/wp-content\/uploads\/2017\/10\/golden-ear-2015.png 225w, https:\/\/musicadomia.com\/wp-content\/uploads\/2017\/10\/golden-ear-2015-150x150.png 150w, https:\/\/musicadomia.com\/wp-content\/uploads\/2017\/10\/golden-ear-2015-100x100.png 100w\" sizes=\"auto, (max-width: 80px) 100vw, 80px\" \/><\/p>\n<p>\u21d2 <a href=\"https:\/\/www.dagogo.com\/ypsilon-vps-100-tube-phono-preamplifier-mc16-step-up-transformer-review\/\">Dagogo article de Fred Crowder sur le VPS 100<\/a> (anglais)\u00a0 <img loading=\"lazy\" decoding=\"async\" class=\"alignnone wp-image-197\" src=\"http:\/\/overseasaudio.com\/wp-content\/uploads\/2017\/10\/Dagogo.jpg\" alt=\"\" width=\"105\" height=\"30\" \/><\/p>\n<p>\u21d2 <a href=\"https:\/\/youtu.be\/uX3VmqOZzmg\" target=\"_blank\" rel=\"noopener noreferrer\"><strong>AVequipment<\/strong> VPS 100 video de Peter Breuninger<\/a> (anglais) <img loading=\"lazy\" decoding=\"async\" class=\"alignnone wp-image-204\" src=\"http:\/\/overseasaudio.com\/wp-content\/uploads\/2017\/10\/AV-showrooms-300x43.jpg\" alt=\"\" width=\"155\" height=\"22\" \/><\/p>\n<p>&nbsp;<\/p>\n<p><span style=\"color: #3366ff;\"><strong>Amplificateurs SET 100<\/strong><\/span><\/p>\n<p>\u21d2 <a href=\"http:\/\/ypsilonelectronics.com\/wp-content\/uploads\/2016\/08\/Presse-The-Absolute-Sound-Hybrid-Verstaerker-Ypsilon-Set-100-Ultimate-An-Ypsilon-Visit-From-Athens.pdf\" target=\"_blank\" rel=\"noopener noreferrer\">The Absolute Sound GOLDEN EAR 2012\u00a0 <\/a>\u00a0(anglais)<img loading=\"lazy\" decoding=\"async\" class=\"alignnone wp-image-502\" src=\"http:\/\/musicadomia.com\/wp-content\/uploads\/2017\/10\/golden-ear-2012.png\" alt=\"\" width=\"80\" height=\"80\" srcset=\"https:\/\/musicadomia.com\/wp-content\/uploads\/2017\/10\/golden-ear-2012.png 250w, https:\/\/musicadomia.com\/wp-content\/uploads\/2017\/10\/golden-ear-2012-150x150.png 150w, https:\/\/musicadomia.com\/wp-content\/uploads\/2017\/10\/golden-ear-2012-100x100.png 100w\" sizes=\"auto, (max-width: 80px) 100vw, 80px\" \/><\/p>\n<p>\u21d2 <a href=\"https:\/\/www.dagogo.com\/ypsilon-set-100-tube-amplifier-review\/\" target=\"_blank\" rel=\"noopener noreferrer\">Dagogo article de Constantine SOO sur le\u00a0SET 100 <\/a>(anglais)\u00a0 <img loading=\"lazy\" decoding=\"async\" class=\"alignnone wp-image-197\" src=\"http:\/\/overseasaudio.com\/wp-content\/uploads\/2017\/10\/Dagogo.jpg\" alt=\"\" width=\"105\" height=\"30\" \/><\/p>\n<p>\u21d2<a href=\"http:\/\/ypsilonelectronics.com\/wp-content\/uploads\/2016\/08\/Presse-SonicFlare-Hybrid-Verstaerker-Ypsilon-Set-100-Ultimate.pdf\" target=\"_blank\" rel=\"noopener noreferrer\"> Sonic Flare\u00a0\u00a0 <\/a><\/p>\n<p>&nbsp;<\/p>\n<div id=\"id_59eb7322ba7fe2849388574\" class=\"text_exposed_root text_exposed\">\n<p><a href=\"http:\/\/www.monoandstereo.com\/2016\/06\/ypsilon-cdt-100-review.html\" target=\"_blank\" rel=\"noopener noreferrer\">\u00a0<\/a><\/p>\n<\/div>\n<p>&nbsp;<\/p>\n<p>&nbsp;<\/p>\n","protected":false},"excerpt":{"rendered":"<p>Ypsilon \u21d2 Mono &amp; St\u00e9r\u00e9o article sur la soci\u00e9t\u00e9 Ypsilon\u00a0 Amplificateurs Aelius \u21d2 Audiophile Magazine article de Jo\u00ebl Chevassus\u00a0(fran\u00e7ais)\u00a0\u00a0 \u21d2 Stereophile article de Micha\u00ebl Fremer\u00a0(anglais)\u00a0 \u21d2 Positive Feedback article de Marshall Nack\u00a0(anglais) \u21d2 the Audiobeat article de\u00a0\u00a0Marc Mickelson\u00a0\u00a0(anglais) \u21d2 AVequipment video Peter Breuninger &nbsp; Pr\u00e9amplificateur PST 100 Mk2 \u21d2 Stereophile PST 100 Mk2 article de &hellip; <\/p>\n<p class=\"link-more\"><a href=\"https:\/\/musicadomia.com\/index.php\/presse-et-temoignages\/\" class=\"more-link\">Continuer la lecture<span class=\"screen-reader-text\"> de &laquo;&nbsp;Ypsilon&nbsp;&raquo;<\/span><\/a><\/p>\n","protected":false},"author":1,"featured_media":0,"parent":0,"menu_order":0,"comment_status":"closed","ping_status":"closed","template":"","meta":{"footnotes":""},"class_list":["post-450","page","type-page","status-publish","hentry"],"_links":{"self":[{"href":"https:\/\/musicadomia.com\/index.php\/wp-json\/wp\/v2\/pages\/450","targetHints":{"allow":["GET"]}}],"collection":[{"href":"https:\/\/musicadomia.com\/index.php\/wp-json\/wp\/v2\/pages"}],"about":[{"href":"https:\/\/musicadomia.com\/index.php\/wp-json\/wp\/v2\/types\/page"}],"author":[{"embeddable":true,"href":"https:\/\/musicadomia.com\/index.php\/wp-json\/wp\/v2\/users\/1"}],"replies":[{"embeddable":true,"href":"https:\/\/musicadomia.com\/index.php\/wp-json\/wp\/v2\/comments?post=450"}],"version-history":[{"count":0,"href":"https:\/\/musicadomia.com\/index.php\/wp-json\/wp\/v2\/pages\/450\/revisions"}],"wp:attachment":[{"href":"https:\/\/musicadomia.com\/index.php\/wp-json\/wp\/v2\/media?parent=450"}],"curies":[{"name":"wp","href":"https:\/\/api.w.org\/{rel}","templated":true}]}}