{"id":24,"date":"2017-04-24T12:08:13","date_gmt":"2017-04-24T10:08:13","guid":{"rendered":"http:\/\/musicadomia.com\/?page_id=24"},"modified":"2024-05-12T09:52:19","modified_gmt":"2024-05-12T07:52:19","slug":"contact","status":"publish","type":"page","link":"https:\/\/musicadomia.com\/index.php\/contact\/","title":{"rendered":"Contactez nous"},"content":{"rendered":"<p>Une question, un conseil, un rendez-vous, une \u00e9coute ?<\/p>\n<p>un t\u00e9l\u00e9phone : 0603696013<\/p>\n<p>une adresse e-mail :\u00a0<span class=\"ui-provider a b c d e f g h i j k l m n o p q r s t u v w x y z ab ac ae af ag ah ai aj ak\" dir=\"ltr\"><a href=\"mailto:conta&#99;t&#64;&#109;u&#115;&#105;c&#97;&#100;o&#109;&#105;&#97;.com\">&#99;&#111;&#110;&#116;act&#64;m&#117;si&#99;&#97;d&#111;&#109;&#105;&#97;.co&#109;<\/a><\/span><\/p>\n","protected":false},"excerpt":{"rendered":"<p>Une question, un conseil, un rendez-vous, une \u00e9coute ? un t\u00e9l\u00e9phone : 0603696013 une adresse e-mail :\u00a0<\/p>\n","protected":false},"author":1,"featured_media":157,"parent":0,"menu_order":0,"comment_status":"closed","ping_status":"closed","template":"","meta":{"footnotes":""},"class_list":["post-24","page","type-page","status-publish","has-post-thumbnail","hentry"],"_links":{"self":[{"href":"https:\/\/musicadomia.com\/index.php\/wp-json\/wp\/v2\/pages\/24","targetHints":{"allow":["GET"]}}],"collection":[{"href":"https:\/\/musicadomia.com\/index.php\/wp-json\/wp\/v2\/pages"}],"about":[{"href":"https:\/\/musicadomia.com\/index.php\/wp-json\/wp\/v2\/types\/page"}],"author":[{"embeddable":true,"href":"https:\/\/musicadomia.com\/index.php\/wp-json\/wp\/v2\/users\/1"}],"replies":[{"embeddable":true,"href":"https:\/\/musicadomia.com\/index.php\/wp-json\/wp\/v2\/comments?post=24"}],"version-history":[{"count":0,"href":"https:\/\/musicadomia.com\/index.php\/wp-json\/wp\/v2\/pages\/24\/revisions"}],"wp:featuredmedia":[{"embeddable":true,"href":"https:\/\/musicadomia.com\/index.php\/wp-json\/wp\/v2\/media\/157"}],"wp:attachment":[{"href":"https:\/\/musicadomia.com\/index.php\/wp-json\/wp\/v2\/media?parent=24"}],"curies":[{"name":"wp","href":"https:\/\/api.w.org\/{rel}","templated":true}]}}