{"id":238,"date":"2019-11-13T20:00:38","date_gmt":"2019-11-13T19:00:38","guid":{"rendered":"http:\/\/musicadomia.com\/?page_id=238"},"modified":"2024-04-08T14:25:06","modified_gmt":"2024-04-08T12:25:06","slug":"aelius-mk2","status":"publish","type":"page","link":"https:\/\/musicadomia.com\/index.php\/aelius-mk2\/","title":{"rendered":"Amplificateur Int\u00e9gr\u00e9 Phaeton"},"content":{"rendered":"<p><img loading=\"lazy\" decoding=\"async\" class=\"alignnone size-medium wp-image-166\" src=\"http:\/\/musicadomia.com\/wp-content\/uploads\/2017\/04\/Phaeton-300x145.jpg\" alt=\"\" width=\"300\" height=\"145\" srcset=\"https:\/\/musicadomia.com\/wp-content\/uploads\/2017\/04\/Phaeton-300x145.jpg 300w, https:\/\/musicadomia.com\/wp-content\/uploads\/2017\/04\/Phaeton-768x371.jpg 768w, https:\/\/musicadomia.com\/wp-content\/uploads\/2017\/04\/Phaeton.bmp 1013w\" sizes=\"auto, (max-width: 300px) 100vw, 300px\" \/><\/p>\n<p>L&rsquo;amplificateur int\u00e9gr\u00e9 <strong>Phaethon<\/strong> est un produit unique par bien\u00a0\u00a0des aspects.<\/p>\n<p>Dans un design compact il r\u00e9unit de nombreuses solutions techniques d\u00e9velopp\u00e9es pour les blocs mono d&rsquo;amplification Aelius et le pr\u00e9amplificateur PST 100 mk2.<\/p>\n<p><strong><span style=\"color: #0000ff;\"><a style=\"color: #0000ff;\" href=\"http:\/\/musicadomia.com\/index.php\/en-savoir-plus-sur-lamplificateur-integre-phaeton\/\">en savoir plus&#8230;.<\/a><\/span><\/strong><\/p>\n<p><strong>CARACTERISTIQUES \u00a0\u00a0\u00a0PHAETHON<\/strong><\/p>\n<table>\n<tbody>\n<tr>\n<td width=\"276\">PUISSANCE DE SORTIE<\/p>\n<p>AVANT CLIPPING<\/td>\n<td width=\"197\">110Wrms @ 8 ohm<\/p>\n<p>180Wrmss @4 ohm<\/td>\n<\/tr>\n<tr>\n<td width=\"276\">BANDE PASSANTE<\/td>\n<td width=\"197\">11Hz -75Khz -3db<\/td>\n<\/tr>\n<tr>\n<td width=\"276\">IMP\u00c9DANCE DE SORTIE<\/td>\n<td width=\"197\">0,5ohm<\/td>\n<\/tr>\n<tr>\n<td width=\"276\">IMP\u00c9DANCE D&rsquo;ENTR\u00c9E<\/td>\n<td width=\"197\">47 Kohm<\/td>\n<\/tr>\n<tr>\n<td width=\"276\">GAIN<\/td>\n<td width=\"197\">X60<\/td>\n<\/tr>\n<tr>\n<td width=\"276\">ENTR\u00c9ES<\/td>\n<td width=\"197\">3 RCA +1 XLR non sym\u00e9trique<\/td>\n<\/tr>\n<tr>\n<td width=\"276\">CONSOMMATION<\/td>\n<td width=\"197\">125W @ idle<\/td>\n<\/tr>\n<tr>\n<td width=\"276\">DIMENSIONS<\/td>\n<td width=\"197\">400x185x425 (W x H x D)mm<\/td>\n<\/tr>\n<tr>\n<td width=\"276\">POIDS<\/td>\n<td width=\"197\">35 Kg<\/td>\n<\/tr>\n<\/tbody>\n<\/table>\n","protected":false},"excerpt":{"rendered":"<p>L&rsquo;amplificateur int\u00e9gr\u00e9 Phaethon est un produit unique par bien\u00a0\u00a0des aspects. Dans un design compact il r\u00e9unit de nombreuses solutions techniques d\u00e9velopp\u00e9es pour les blocs mono d&rsquo;amplification Aelius et le pr\u00e9amplificateur PST 100 mk2. en savoir plus&#8230;. CARACTERISTIQUES \u00a0\u00a0\u00a0PHAETHON PUISSANCE DE SORTIE AVANT CLIPPING 110Wrms @ 8 ohm 180Wrmss @4 ohm BANDE PASSANTE 11Hz -75Khz -3db &hellip; <\/p>\n<p class=\"link-more\"><a href=\"https:\/\/musicadomia.com\/index.php\/aelius-mk2\/\" class=\"more-link\">Continuer la lecture<span class=\"screen-reader-text\"> de &laquo;&nbsp;Amplificateur Int\u00e9gr\u00e9 Phaeton&nbsp;&raquo;<\/span><\/a><\/p>\n","protected":false},"author":1,"featured_media":0,"parent":0,"menu_order":0,"comment_status":"closed","ping_status":"closed","template":"","meta":{"footnotes":""},"class_list":["post-238","page","type-page","status-publish","hentry"],"_links":{"self":[{"href":"https:\/\/musicadomia.com\/index.php\/wp-json\/wp\/v2\/pages\/238","targetHints":{"allow":["GET"]}}],"collection":[{"href":"https:\/\/musicadomia.com\/index.php\/wp-json\/wp\/v2\/pages"}],"about":[{"href":"https:\/\/musicadomia.com\/index.php\/wp-json\/wp\/v2\/types\/page"}],"author":[{"embeddable":true,"href":"https:\/\/musicadomia.com\/index.php\/wp-json\/wp\/v2\/users\/1"}],"replies":[{"embeddable":true,"href":"https:\/\/musicadomia.com\/index.php\/wp-json\/wp\/v2\/comments?post=238"}],"version-history":[{"count":0,"href":"https:\/\/musicadomia.com\/index.php\/wp-json\/wp\/v2\/pages\/238\/revisions"}],"wp:attachment":[{"href":"https:\/\/musicadomia.com\/index.php\/wp-json\/wp\/v2\/media?parent=238"}],"curies":[{"name":"wp","href":"https:\/\/api.w.org\/{rel}","templated":true}]}}