{"id":233,"date":"2017-04-26T19:56:36","date_gmt":"2017-04-26T17:56:36","guid":{"rendered":"http:\/\/musicadomia.com\/?page_id=233"},"modified":"2025-10-14T19:35:29","modified_gmt":"2025-10-14T17:35:29","slug":"le-choix-des-marques","status":"publish","type":"page","link":"https:\/\/musicadomia.com\/index.php\/le-choix-des-marques\/","title":{"rendered":"le choix des marques"},"content":{"rendered":"<p class=\"entry-title\"><span style=\"font-size: 1rem;\">cf menu \u00ab \u00e0<\/span><a style=\"font-size: 1rem;\" href=\"http:\/\/musicadomia.com\/index.php\/about\/\" target=\"_blank\" rel=\"noopener noreferrer\"> propos de Musicadomia<\/a><span style=\"font-size: 1rem;\">\u00a0\u00bb \u2013 mais que des marques.<\/span><\/p>\n<div class=\"entry-content\">\n<hr \/>\n<p>Nous avons retenu deux marques d\u2019<strong><em>\u00e9lectroniques<\/em><\/strong><\/p>\n<ul>\n<li><a href=\"http:\/\/ypsilonelectronics.com\/\" target=\"_blank\" rel=\"noopener noreferrer\"><strong>Ypsilon<\/strong><\/a>\u2026Celle qui nous\u00a0fait changer de monde\u2026<br \/>\nN\u2019\u00e9coutez pas, n\u2019essayez pas, vous ne dormirez plus !<\/li>\n<\/ul>\n<p>Parce que vous allez craquez,\u00a0et\u00a0que votre prochain No\u00ebl vous paraitra aussi lointain que lorsque vous aviez 7 ans !<br \/>\nEt parce, si vous succombez,\u00a0vous ne pourrez plus les\u00a0\u00e9teindre et\u00a0quittez votre fauteuil d\u2019\u00e9coute, tant le voyage vous paraitra sensationnel.<br \/>\nTous leurs produits ont\u00a0\u00e9t\u00e9 maintes fois prim\u00e9s par les plus grands \u00ab\u00a0reviewers\u00a0\u00bb internationaux\u00a0 (<a href=\"http:\/\/musicadomia.com\/index.php\/reviews-banc-dessais-rewards-temoignages\/\" target=\"_blank\" rel=\"noopener noreferrer\">cf. Presse<\/a>) . Beaucoup n\u2019ont pas eu d\u2019autre choix que d\u2019en faire l\u2019acquisition.<\/p>\n<ul>\n<li>Mais si on veut redescendre sur terre, et redevenir raisonnable, l\u00e0, il faut \u00e9couter <a href=\"http:\/\/www.helixir-audio.com\/produits-audio\/\" target=\"_blank\" rel=\"noopener noreferrer\"><strong>H\u00e9lixir<\/strong><\/a>.<br \/>\nCette marque fran\u00e7aise, pr\u00e9sente un rapport qualit\u00e9 prix unique\u2026<br \/>\nA vous d\u2019essayer pour \u00eatre convaincu par le naturel et la puissance maitris\u00e9e de leur restitution.<br \/>\nDes petits \u2013 compacts-\u00a0bijoux de technologie et d\u2019innovations qui montrent qu\u2019en France, on a toujours des id\u00e9es, bien plac\u00e9es\u2026en prix.<\/li>\n<\/ul>\n<hr \/>\n<p>Cot\u00e9 <strong>Enceintes<\/strong>,<br \/>\nil faut avoir entendu des <strong>Leedh <\/strong>bien mises en \u0153uvres pour comprendre pourquoi nous les avons retenues. Au del\u00e0 du faible encombrement, ces p\u00e9pites technologiques (beaucoup d\u2019innovations brevet\u00e9es)\u00a0vous r\u00e9v\u00e8lent\u00a0un r\u00e9alisme de timbres, une image 3D, une dynamique rares.<br \/>\nMais cette enceinte \u00e9tonnante est devenue une pure merveille, dans son exceptionnelle version mont\u00e9e de membranes en verre.\u00a0C\u2019est unique au monde\u2026 comme le\u00a0r\u00e9alisme du son produit qui, l\u00e0 aussi,\u00a0vous transportera, sans exag\u00e9rer, dans une autre dimension.<br \/>\nA compl\u00e9ter par un (des) caisson de basse Leedh pour les grandes pi\u00e8ces et les grandes orchestrations ou bien le gros rock !<\/p>\n<p>Bien sur, tous nos amplis parviennent \u00e0 les driver avec aisance\u2026.<\/p>\n<hr \/>\n<p>Pour le <strong>traitement secteur<\/strong>, on a test\u00e9 beaucoup de choses.<br \/>\nUne des plus efficaces ET des plus polyvalentes est produit par <a href=\"http:\/\/www.gigawatt.eu\/\" target=\"_blank\" rel=\"noopener noreferrer\"><strong>Gigawatt <\/strong><\/a>notamment dans sa nouvelle version +<\/p>\n<hr \/>\n<p>L\u2019importance <strong>des c\u00e2bles<\/strong> y compris secteur ne fait plus d\u00e9bat.<br \/>\nPour ces derniers nous repr\u00e9sentons <strong>Gigawatt <\/strong>et <a href=\"http:\/\/www.neodio.fr\/fr\/\" target=\"_blank\" rel=\"noopener noreferrer\"><strong>Neodio<\/strong><\/a>.<\/p>\n<hr \/>\n<p>Les <strong>traitements acoustiques<\/strong> sont souvent indispensables \u00e0 condition d\u2019\u00eatre efficaces et suffisamment esth\u00e9tiques et discrets pour se faire oublier.<br \/>\nC\u2019est le cas des <strong>PYT<\/strong> que nous installons, car le positionnement est \u00e9videmment important<\/p>\n<\/div>\n","protected":false},"excerpt":{"rendered":"<p>cf menu \u00ab \u00e0 propos de Musicadomia\u00a0\u00bb \u2013 mais que des marques. Nous avons retenu deux marques d\u2019\u00e9lectroniques Ypsilon\u2026Celle qui nous\u00a0fait changer de monde\u2026 N\u2019\u00e9coutez pas, n\u2019essayez pas, vous ne dormirez plus ! Parce que vous allez craquez,\u00a0et\u00a0que votre prochain No\u00ebl vous paraitra aussi lointain que lorsque vous aviez 7 ans ! Et parce, si &hellip; <\/p>\n<p class=\"link-more\"><a href=\"https:\/\/musicadomia.com\/index.php\/le-choix-des-marques\/\" class=\"more-link\">Continuer la lecture<span class=\"screen-reader-text\"> de &laquo;&nbsp;le choix des marques&nbsp;&raquo;<\/span><\/a><\/p>\n","protected":false},"author":1,"featured_media":0,"parent":0,"menu_order":0,"comment_status":"closed","ping_status":"closed","template":"","meta":{"footnotes":""},"class_list":["post-233","page","type-page","status-publish","hentry"],"_links":{"self":[{"href":"https:\/\/musicadomia.com\/index.php\/wp-json\/wp\/v2\/pages\/233","targetHints":{"allow":["GET"]}}],"collection":[{"href":"https:\/\/musicadomia.com\/index.php\/wp-json\/wp\/v2\/pages"}],"about":[{"href":"https:\/\/musicadomia.com\/index.php\/wp-json\/wp\/v2\/types\/page"}],"author":[{"embeddable":true,"href":"https:\/\/musicadomia.com\/index.php\/wp-json\/wp\/v2\/users\/1"}],"replies":[{"embeddable":true,"href":"https:\/\/musicadomia.com\/index.php\/wp-json\/wp\/v2\/comments?post=233"}],"version-history":[{"count":1,"href":"https:\/\/musicadomia.com\/index.php\/wp-json\/wp\/v2\/pages\/233\/revisions"}],"predecessor-version":[{"id":7670,"href":"https:\/\/musicadomia.com\/index.php\/wp-json\/wp\/v2\/pages\/233\/revisions\/7670"}],"wp:attachment":[{"href":"https:\/\/musicadomia.com\/index.php\/wp-json\/wp\/v2\/media?parent=233"}],"curies":[{"name":"wp","href":"https:\/\/api.w.org\/{rel}","templated":true}]}}