{"id":23,"date":"2017-04-24T12:08:13","date_gmt":"2017-04-24T10:08:13","guid":{"rendered":"http:\/\/musicadomia.com\/?page_id=23"},"modified":"2017-10-23T18:41:06","modified_gmt":"2017-10-23T16:41:06","slug":"about","status":"publish","type":"page","link":"https:\/\/musicadomia.com\/index.php\/about\/","title":{"rendered":"A propos de Musicadomia"},"content":{"rendered":"<p>Comme tous les audiophiles, \u00a0je cherche\u00a0\u00e0\u00a0faire les meilleurs choix pour tendre vers le Graal musical.<br \/>\nMais comment savoir jusqu&rsquo;\u00e0 quel point, tel materiel dont il est fait l&rsquo;\u00e9loge dans les magasines, les boutiques ou les t\u00e9moignages des \u00ab\u00a0forumeurs\u00a0\u00bb peut-il am\u00e9liorer mon \u00e9coute ?<\/p>\n<p>L&rsquo;audio est un domaine beaucoup trop complexe, tellement de param\u00e8tres et d&rsquo;inconnues int\u00e9ragissent.<br \/>\n<strong>Pour avoir\u00a0 le \u00ab\u00a0coeur net\u00a0\u00bb et des certitudes sur un sujet qui nous est si cher au sens propre comme figur\u00e9,<\/strong> \u00a0<strong>rien ne vaut l&rsquo;essai \u00e0 domicile.<\/strong><br \/>\nC&rsquo;est le seul moyen d&rsquo;\u00e9viter les d\u00e9ceptions li\u00e9es aux autres maillons de son syst\u00e8me, \u00e0 sa pi\u00e8ce, \u00e0\u00a0son \u00e9lectricit\u00e9 (!), \u00e0 son \u00ab\u00a0oreille\u00a0\u00bb, \u00e0 ses gouts.<br \/>\nAlors, j&rsquo;ai investi beaucoup de temps et d&rsquo;argent pour essayer, du materiel. Et dans le cas des accessoires j&rsquo;ai m\u00eame eu la chance de b\u00e9n\u00e9ficier de pr\u00eats des copains audiophiles.<br \/>\nEn me d\u00e9pla\u00e7ant beaucoup chez d&rsquo;autres audiophiles, j&rsquo;ai pu \u00e9couter nombre de diff\u00e9rents syst\u00e8mes, de comparer les combinaisons de technologies, d&rsquo;appareils. J&rsquo;ai pu \u00e9valuer l&rsquo;importance relatives des \u00e9l\u00e9ments, comprendre petit \u00e0 petit les effets acoustiques de pi\u00e8ces d&rsquo;\u00e9coute, mais aussi \u00a0d\u00e9couvrir les trouvailles des uns ou des autres.<\/p>\n<p>Cette experience m&rsquo;a\u00a0permis de\u00a0comprendre comment g\u00e9rer au mieux\u00a0les compensations si complexes\u00a0mais aussi de s\u00e9lectionner les maillons les plus transparents et les plus musicaux pour composer une chaine coh\u00e9rente.<\/p>\n<p>C&rsquo;est cette s\u00e9lection et ces \u00ab\u00a0tuyaux\u00a0\u00bb que je vous propose de d\u00e9couvrir et d&rsquo;essayer \u00e0 votre tour en me\u00a0rendant\u00a0chez vous.<br \/>\nNous nous\u00a0d\u00e9pla\u00e7ons sur la France enti\u00e8re y compris le week-end, quand vous \u00eates disponibles donc, \u00a0pour prendre le temps d&rsquo;une mise au point et d&rsquo;une \u00e9coute critique.<\/p>\n<p>Si vous \u00eates convaincu, vous aurez la joie de profiter d&rsquo;une \u00e9coute exhaltante (rien que\u00a0\u00e7a !)<br \/>\nDans le cas contraire, vous aurez fait des \u00e9conomies (m\u00eame avec votre participation \u00e0 nos frais de d\u00e9placements) et\u00a0nous aurons faits une rencontre\u00a0enrichissante entre passionn\u00e9s.\u00a0 Cela\u00a0me comble d\u00e9j\u00e0\u00a0!<\/p>\n<p>A bient\u00f4t !<\/p>\n<p>St\u00e9phane<\/p>\n","protected":false},"excerpt":{"rendered":"<p>Comme tous les audiophiles, \u00a0je cherche\u00a0\u00e0\u00a0faire les meilleurs choix pour tendre vers le Graal musical. Mais comment savoir jusqu&rsquo;\u00e0 quel point, tel materiel dont il est fait l&rsquo;\u00e9loge dans les magasines, les boutiques ou les t\u00e9moignages des \u00ab\u00a0forumeurs\u00a0\u00bb peut-il am\u00e9liorer mon \u00e9coute ? L&rsquo;audio est un domaine beaucoup trop complexe, tellement de param\u00e8tres et d&rsquo;inconnues &hellip; <\/p>\n<p class=\"link-more\"><a href=\"https:\/\/musicadomia.com\/index.php\/about\/\" class=\"more-link\">Continuer la lecture<span class=\"screen-reader-text\"> de &laquo;&nbsp;A propos de Musicadomia&nbsp;&raquo;<\/span><\/a><\/p>\n","protected":false},"author":1,"featured_media":110,"parent":0,"menu_order":1,"comment_status":"closed","ping_status":"closed","template":"","meta":{"footnotes":""},"class_list":["post-23","page","type-page","status-publish","has-post-thumbnail","hentry"],"_links":{"self":[{"href":"https:\/\/musicadomia.com\/index.php\/wp-json\/wp\/v2\/pages\/23","targetHints":{"allow":["GET"]}}],"collection":[{"href":"https:\/\/musicadomia.com\/index.php\/wp-json\/wp\/v2\/pages"}],"about":[{"href":"https:\/\/musicadomia.com\/index.php\/wp-json\/wp\/v2\/types\/page"}],"author":[{"embeddable":true,"href":"https:\/\/musicadomia.com\/index.php\/wp-json\/wp\/v2\/users\/1"}],"replies":[{"embeddable":true,"href":"https:\/\/musicadomia.com\/index.php\/wp-json\/wp\/v2\/comments?post=23"}],"version-history":[{"count":0,"href":"https:\/\/musicadomia.com\/index.php\/wp-json\/wp\/v2\/pages\/23\/revisions"}],"wp:featuredmedia":[{"embeddable":true,"href":"https:\/\/musicadomia.com\/index.php\/wp-json\/wp\/v2\/media\/110"}],"wp:attachment":[{"href":"https:\/\/musicadomia.com\/index.php\/wp-json\/wp\/v2\/media?parent=23"}],"curies":[{"name":"wp","href":"https:\/\/api.w.org\/{rel}","templated":true}]}}