{"id":223,"date":"2017-04-26T19:40:50","date_gmt":"2017-04-26T17:40:50","guid":{"rendered":"http:\/\/musicadomia.com\/?page_id=223"},"modified":"2024-04-08T14:25:06","modified_gmt":"2024-04-08T12:25:06","slug":"en-savoir-plus-sur-le-preamplificateur-pst-100-mk2","status":"publish","type":"page","link":"https:\/\/musicadomia.com\/index.php\/en-savoir-plus-sur-le-preamplificateur-pst-100-mk2\/","title":{"rendered":"en savoir plus sur le pr\u00e9amplificateur PST 100 Mk2"},"content":{"rendered":"<p>Demetris Backlavas, ing\u00e9nieur en chef explique son approche de la pr\u00e9amplification<\/p>\n<p>\u00ab\u00a0Il est commun\u00e9ment admis que l&rsquo;essentiel d&rsquo;un pr\u00e9amplificateur r\u00e9side dans la conception de son circuit actif. Pourtant, nous croyons que le contr\u00f4le du volume sonore, c&rsquo;est-\u00e0-dire l&rsquo;att\u00e9nuation du signal, est l&rsquo;\u00e9l\u00e9ment le plus crucial dans le rendu sonore d&rsquo;un pr\u00e9amplificateur. Pour contr\u00f4le le volume, la plupart des concepteurs utilisent des att\u00e9nuateurs \u00e0 r\u00e9sistance . Nous avons \u00e9galement utilis\u00e9 dans le pass\u00e9 ce type d&rsquo;att\u00e9nuateur avec des r\u00e9sistances de tr\u00e8s haute qualit\u00e9 (Vishay, Holco, tantalum types , etc.) mais \u00e9tions insatisfaits par la signature qu&rsquo;elles introduisent dans le signal.<\/p>\n<p>Nous avons d\u00e9velopp\u00e9 un transformateur unique comme moyen d&rsquo;att\u00e9nuation, s&rsquo;appuyant sur un des techniques d&rsquo;enroulement sp\u00e9cifiques ainsi que des fils conducteurs et noyaux de la plus haute qualit\u00e9. Ses performances ont surpass\u00e9 celles des meilleurs att\u00e9nuateurs \u00e0 r\u00e9sistance.<\/p>\n<p>Dans un transformateur, le circuit magn\u00e9tique peut \u00eatre ultra lin\u00e9aire lorsque les meilleurs mat\u00e9riaux sont utilis\u00e9s pour son noyau. Le son obtenu avec ces mat\u00e9riaux est beaucoup plus musical et d\u00e9taill\u00e9 que celui des meilleures r\u00e9sistances.<\/p>\n<p>Un transformateur d&rsquo;att\u00e9nuation de ce type avec 31 prises est int\u00e9gr\u00e9 dans le PST100 mk2 offrant une att\u00e9nuation maximale de 54db.<\/p>\n<p>L\u2019\u00e9tage de gain actif s&rsquo;appuie sur un sch\u00e9ma sans contre r\u00e9action, une Triode C3m, et un transformateur coupl\u00e9. L&rsquo;alimentation utilise le rectificateur \u00e0 tube (6CA4) et un filtre self. Le c\u00e2blage, de l&rsquo;entr\u00e9e \u00e0 la sortie, est enti\u00e8rement en un fil d&rsquo;argent pur produit sur mesure. Le transformateur d&rsquo;att\u00e9nuation est plac\u00e9 apr\u00e8s l&rsquo;\u00e9tage \u00e0 \u00a0 tube, pr\u00e9servant la puret\u00e9 et les micro d\u00e9tails du signal.<\/p>\n<p>Le gain est de 16db. L&rsquo;imp\u00e9dance de sortie atteint un maximum de 150 \u03a9.<\/p>\n<p>Le PST 100 mk2 est le summum de la pr\u00e9amplification. C&rsquo;est un \u00e9l\u00e9ment incontournable pour la construction d&rsquo;un syst\u00e8me \u00absans retenues\u00bb.<\/p>\n<p>&nbsp;<\/p>\n<p>&nbsp;<\/p>\n<p>&nbsp;<\/p>\n","protected":false},"excerpt":{"rendered":"<p>Demetris Backlavas, ing\u00e9nieur en chef explique son approche de la pr\u00e9amplification \u00ab\u00a0Il est commun\u00e9ment admis que l&rsquo;essentiel d&rsquo;un pr\u00e9amplificateur r\u00e9side dans la conception de son circuit actif. Pourtant, nous croyons que le contr\u00f4le du volume sonore, c&rsquo;est-\u00e0-dire l&rsquo;att\u00e9nuation du signal, est l&rsquo;\u00e9l\u00e9ment le plus crucial dans le rendu sonore d&rsquo;un pr\u00e9amplificateur. Pour contr\u00f4le le volume, &hellip; <\/p>\n<p class=\"link-more\"><a href=\"https:\/\/musicadomia.com\/index.php\/en-savoir-plus-sur-le-preamplificateur-pst-100-mk2\/\" class=\"more-link\">Continuer la lecture<span class=\"screen-reader-text\"> de &laquo;&nbsp;en savoir plus sur le pr\u00e9amplificateur PST 100 Mk2&nbsp;&raquo;<\/span><\/a><\/p>\n","protected":false},"author":1,"featured_media":0,"parent":0,"menu_order":0,"comment_status":"closed","ping_status":"closed","template":"","meta":{"footnotes":""},"class_list":["post-223","page","type-page","status-publish","hentry"],"_links":{"self":[{"href":"https:\/\/musicadomia.com\/index.php\/wp-json\/wp\/v2\/pages\/223","targetHints":{"allow":["GET"]}}],"collection":[{"href":"https:\/\/musicadomia.com\/index.php\/wp-json\/wp\/v2\/pages"}],"about":[{"href":"https:\/\/musicadomia.com\/index.php\/wp-json\/wp\/v2\/types\/page"}],"author":[{"embeddable":true,"href":"https:\/\/musicadomia.com\/index.php\/wp-json\/wp\/v2\/users\/1"}],"replies":[{"embeddable":true,"href":"https:\/\/musicadomia.com\/index.php\/wp-json\/wp\/v2\/comments?post=223"}],"version-history":[{"count":0,"href":"https:\/\/musicadomia.com\/index.php\/wp-json\/wp\/v2\/pages\/223\/revisions"}],"wp:attachment":[{"href":"https:\/\/musicadomia.com\/index.php\/wp-json\/wp\/v2\/media?parent=223"}],"curies":[{"name":"wp","href":"https:\/\/api.w.org\/{rel}","templated":true}]}}