{"id":218,"date":"2017-04-26T19:07:57","date_gmt":"2017-04-26T17:07:57","guid":{"rendered":"http:\/\/musicadomia.com\/?page_id=218"},"modified":"2017-04-26T19:53:37","modified_gmt":"2017-04-26T17:53:37","slug":"preamplificateur-pst-100-mk2","status":"publish","type":"page","link":"https:\/\/musicadomia.com\/index.php\/preamplificateur-pst-100-mk2\/","title":{"rendered":"Preamplificateur PST 100 Mk2"},"content":{"rendered":"<p>Le PST-100 constitue un apport majeur \u00e0 la s\u00e9rie 100 YPSILON<\/p>\n<p>Cet appareil aborde le concept de la pr\u00e9amplification d\u2019une mani\u00e8re in\u00e9dite. L\u2019att\u00e9nuation du volume sonore est en effet confi\u00e9e \u00e0 des transformateurs r\u00e9alis\u00e9s dans les ateliers Ypsilon\u00a0et qui constituent le c\u0153ur du pr\u00e9amplificateur. En outre, son circuit \u00e0 tubes associ\u00e9 \u00e0 la perfection des mat\u00e9riaux permettent de produire le son le plus fin et le plus \u00e9l\u00e9gant qu\u2019aucun autre pr\u00e9amplificateur ne pourra jamais \u00e9mettre.<\/p>\n<p><a href=\"http:\/\/musicadomia.com\/index.php\/en-savoir-plus-sur-le-preamplificateur-pst-100-mk2\/\">en savoir plus&#8230;<\/a><\/p>\n<p><strong>CARACTERISTIQUES \u00a0 PST-100 MKII<\/strong><\/p>\n<table style=\"height: 127px;\" width=\"563\">\n<tbody>\n<tr>\n<td width=\"239\">BANDE PASSANTE<\/td>\n<td width=\"217\">9Hz-100KHz\u00a0 \u20133db<\/td>\n<\/tr>\n<tr>\n<td width=\"239\">IMPEDANCE DE SORTIE<\/td>\n<td width=\"217\">150 ohm<\/td>\n<\/tr>\n<tr>\n<td width=\"239\">IMPEDANCE D&rsquo;ENTREE<\/td>\n<td width=\"217\">50 Kohm<\/td>\n<\/tr>\n<tr>\n<td width=\"239\">GAIN (en mode actif)<\/td>\n<td width=\"217\">x 7(16,9db)<\/td>\n<\/tr>\n<tr>\n<td width=\"239\">CONSOMMATION<\/td>\n<td width=\"217\">100 VA maximum<\/td>\n<\/tr>\n<tr>\n<td width=\"239\">DIMENSIONS<\/td>\n<td width=\"217\">400x180x410\u00a0 (WxHxD)mm<\/td>\n<\/tr>\n<tr>\n<td width=\"239\">POIDS<\/td>\n<td width=\"217\">25 Kg<\/td>\n<\/tr>\n<\/tbody>\n<\/table>\n","protected":false},"excerpt":{"rendered":"<p>Le PST-100 constitue un apport majeur \u00e0 la s\u00e9rie 100 YPSILON Cet appareil aborde le concept de la pr\u00e9amplification d\u2019une mani\u00e8re in\u00e9dite. L\u2019att\u00e9nuation du volume sonore est en effet confi\u00e9e \u00e0 des transformateurs r\u00e9alis\u00e9s dans les ateliers Ypsilon\u00a0et qui constituent le c\u0153ur du pr\u00e9amplificateur. En outre, son circuit \u00e0 tubes associ\u00e9 \u00e0 la perfection des &hellip; <\/p>\n<p class=\"link-more\"><a href=\"https:\/\/musicadomia.com\/index.php\/preamplificateur-pst-100-mk2\/\" class=\"more-link\">Continuer la lecture<span class=\"screen-reader-text\"> de &laquo;&nbsp;Preamplificateur PST 100 Mk2&nbsp;&raquo;<\/span><\/a><\/p>\n","protected":false},"author":1,"featured_media":171,"parent":0,"menu_order":0,"comment_status":"closed","ping_status":"closed","template":"","meta":{"footnotes":""},"class_list":["post-218","page","type-page","status-publish","has-post-thumbnail","hentry"],"_links":{"self":[{"href":"https:\/\/musicadomia.com\/index.php\/wp-json\/wp\/v2\/pages\/218","targetHints":{"allow":["GET"]}}],"collection":[{"href":"https:\/\/musicadomia.com\/index.php\/wp-json\/wp\/v2\/pages"}],"about":[{"href":"https:\/\/musicadomia.com\/index.php\/wp-json\/wp\/v2\/types\/page"}],"author":[{"embeddable":true,"href":"https:\/\/musicadomia.com\/index.php\/wp-json\/wp\/v2\/users\/1"}],"replies":[{"embeddable":true,"href":"https:\/\/musicadomia.com\/index.php\/wp-json\/wp\/v2\/comments?post=218"}],"version-history":[{"count":0,"href":"https:\/\/musicadomia.com\/index.php\/wp-json\/wp\/v2\/pages\/218\/revisions"}],"wp:featuredmedia":[{"embeddable":true,"href":"https:\/\/musicadomia.com\/index.php\/wp-json\/wp\/v2\/media\/171"}],"wp:attachment":[{"href":"https:\/\/musicadomia.com\/index.php\/wp-json\/wp\/v2\/media?parent=218"}],"curies":[{"name":"wp","href":"https:\/\/api.w.org\/{rel}","templated":true}]}}