{"id":215,"date":"2017-04-26T19:06:08","date_gmt":"2017-04-26T17:06:08","guid":{"rendered":"http:\/\/musicadomia.com\/?page_id=215"},"modified":"2024-04-08T14:25:07","modified_gmt":"2024-04-08T12:25:07","slug":"ypsilon-electronics","status":"publish","type":"page","link":"https:\/\/musicadomia.com\/index.php\/marques\/ypsilon-electronics\/","title":{"rendered":"Ypsilon Electronics"},"content":{"rendered":"<p>Ypsilon est une marque grecque qui d\u00e8s sa cr\u00e9ation en 1995 a directement rejoint le club tr\u00e8s ferm\u00e9 des \u00e9lectroniques d&rsquo;exception gr\u00e2ce \u00e0 son pr\u00e9amplificateur phono VPS 100.<\/p>\n<p>Depuis, toutes ses \u00e9lectroniques ont atteint le pinacle du High End et ont remport\u00e9 de nombreux prix.<\/p>\n<p>Transparence, et vie\u00a0caract\u00e9risent plus\u00a0que tout autre crit\u00e8re\u00a0le son Ypsilon dont le propre est l&rsquo;absence de signature. Le slogan \u00ab\u00a0Live or Ypsilon\u00a0\u00bb a \u00e9t\u00e9 retenu par plusieurs reviewers qui se sont port\u00e9s acqu\u00e9reurs de syst\u00e8mes Ypsilon.<\/p>\n<p>Les technologies employ\u00e9es pour parvenir \u00e0 ce r\u00e9sultat se r\u00e9sument principalement \u00e0 l&rsquo;amplification hybride (tubes et transistors)\u00a0et aux transformateurs, qu&rsquo;Ypsilon con\u00e7oit et produit de mani\u00e8re exclusive.<\/p>\n<p>La qualit\u00e9 de fabrication, des composants, la simplicit\u00e9 des sch\u00e9mas, et la disponibilit\u00e9 des composants permettent d&rsquo;atteindre des stabilit\u00e9s de fonctionnement exceptionnelles sur lesquelles s&rsquo;appuient des garanties de cinq ann\u00e9es, renouvel\u00e9es sur check-up.<\/p>\n<p>Certains appareils ne figurent pas directement sous la marque Ypsilon mais sont cobrand\u00e9s avec la c\u00e9l\u00e8bre marque de hauts parleurs \u00e0 pavillons Cessaro. C&rsquo;est le cas de leur amplificateur concurrent du Kagura de Kondo Audio Note.<\/p>\n<p>Autre particularit\u00e9, la plupart des \u00e9lectroniques peuvent \u00eatre d\u00e9clin\u00e9es dans une s\u00e9rie Silver qui n&rsquo;est produite que deux \u00e0 trois fois par an pour les clients les plus exigeants\u00a0\u00e0 la recherche d&rsquo;absolu\u00a0dans la restitution.<\/p>\n","protected":false},"excerpt":{"rendered":"<p>Ypsilon est une marque grecque qui d\u00e8s sa cr\u00e9ation en 1995 a directement rejoint le club tr\u00e8s ferm\u00e9 des \u00e9lectroniques d&rsquo;exception gr\u00e2ce \u00e0 son pr\u00e9amplificateur phono VPS 100. Depuis, toutes ses \u00e9lectroniques ont atteint le pinacle du High End et ont remport\u00e9 de nombreux prix. Transparence, et vie\u00a0caract\u00e9risent plus\u00a0que tout autre crit\u00e8re\u00a0le son Ypsilon dont &hellip; <\/p>\n<p class=\"link-more\"><a href=\"https:\/\/musicadomia.com\/index.php\/marques\/ypsilon-electronics\/\" class=\"more-link\">Continuer la lecture<span class=\"screen-reader-text\"> de &laquo;&nbsp;Ypsilon Electronics&nbsp;&raquo;<\/span><\/a><\/p>\n","protected":false},"author":1,"featured_media":0,"parent":81,"menu_order":1,"comment_status":"closed","ping_status":"closed","template":"","meta":{"footnotes":""},"class_list":["post-215","page","type-page","status-publish","hentry"],"_links":{"self":[{"href":"https:\/\/musicadomia.com\/index.php\/wp-json\/wp\/v2\/pages\/215","targetHints":{"allow":["GET"]}}],"collection":[{"href":"https:\/\/musicadomia.com\/index.php\/wp-json\/wp\/v2\/pages"}],"about":[{"href":"https:\/\/musicadomia.com\/index.php\/wp-json\/wp\/v2\/types\/page"}],"author":[{"embeddable":true,"href":"https:\/\/musicadomia.com\/index.php\/wp-json\/wp\/v2\/users\/1"}],"replies":[{"embeddable":true,"href":"https:\/\/musicadomia.com\/index.php\/wp-json\/wp\/v2\/comments?post=215"}],"version-history":[{"count":0,"href":"https:\/\/musicadomia.com\/index.php\/wp-json\/wp\/v2\/pages\/215\/revisions"}],"up":[{"embeddable":true,"href":"https:\/\/musicadomia.com\/index.php\/wp-json\/wp\/v2\/pages\/81"}],"wp:attachment":[{"href":"https:\/\/musicadomia.com\/index.php\/wp-json\/wp\/v2\/media?parent=215"}],"curies":[{"name":"wp","href":"https:\/\/api.w.org\/{rel}","templated":true}]}}