{"id":143,"date":"2017-04-25T14:14:54","date_gmt":"2017-04-25T12:14:54","guid":{"rendered":"http:\/\/musicadomia.com\/?page_id=143"},"modified":"2024-05-12T09:58:58","modified_gmt":"2024-05-12T07:58:58","slug":"mentions-legales","status":"publish","type":"page","link":"https:\/\/musicadomia.com\/index.php\/mentions-legales\/","title":{"rendered":"Mentions l\u00e9gales"},"content":{"rendered":"<p><strong>Mentions l\u00e9gales<\/strong><\/p>\n<p>Musicadomia<\/p>\n<p>\u00c9dition<\/p>\n<p>Le pr\u00e9sent site est la propri\u00e9t\u00e9 et est exploit\u00e9 par la soci\u00e9t\u00e9 Musicadomia, dont le si\u00e8ge social est \u00e0 Courbevoie, 1 rue de l\u2019Alma, immatricul\u00e9e au Registre du Commerce et des Soci\u00e9t\u00e9s de Nanterre sous le N\u00ba SIREN : 979 128 816 .<\/p>\n<p>H\u00e9bergement<\/p>\n<p>Le pr\u00e9sent site est h\u00e9berg\u00e9 par la soci\u00e9t\u00e9 OVH, dont le si\u00e8ge social est situ\u00e9 2 rue Kellermann \u2013 59100 Roubaix \u2013 France. Elle est immatricul\u00e9e au Registre du Commerce et des Soci\u00e9t\u00e9s de Roubaix \u2013 Tourcoing sous le num\u00e9ro \u00a0424 761 419.<\/p>\n<p>Propri\u00e9t\u00e9 intellectuelle<\/p>\n<p>Tous les \u00e9l\u00e9ments constitutifs du pr\u00e9sent site notamment nom de domaine, photographies, logos, charte graphique, textes, ainsi que l\u2019ensemble des informations de quelque nature que ce soit \u2013 pages HTML statiques ou dynamiques, fichiers images, sons, vid\u00e9o, etc. \u2013 sont la propri\u00e9t\u00e9 exclusive de Musicadomia ou bien Musicadomia en a le droit d\u2019usage. A ce titre, toute reproduction, repr\u00e9sentation, adaptation ou traduction partielle ou totale des diff\u00e9rents \u00e9l\u00e9ments du site, toute exploitation commerciale m\u00eame partielle des donn\u00e9es qui y sont pr\u00e9sent\u00e9es sont prohib\u00e9es et constitutives de contrefa\u00e7on (article L.335-2 et suivants du Code de Propri\u00e9t\u00e9 Intellectuelle).<\/p>\n<p>Liens vers d\u2019autres sites<\/p>\n<p>Ils constituent un service mis \u00e0 la disposition des visiteurs de ce site. Ils ne sont pas pour autant soumis \u00e0 la politique de confidentialit\u00e9 de Musicadomia. La charte de confidentialit\u00e9 ne s\u2019applique qu\u2019aux informations recueillies sur le site de Musicadomia. Nous encourageons donc nos utilisateurs \u00e0 consulter les engagements de confidentialit\u00e9 de ces sites.<\/p>\n<p>Avertissement<\/p>\n<p>Ce site vise \u00e0 mettre \u00e0 la disposition de l\u2019internaute des informations sur Musicadomia, revendeur de mat\u00e9riel Hifi. Les informations disponibles sont propos\u00e9es en toute bonne foi. L\u2019internaute assume pleinement les risques li\u00e9s au cr\u00e9dit qu\u2019il leur accorde. En aucun cas, Musicadomia ne s\u2019engage \u00e0 mettre \u00e0 jour les informations qui seront diffus\u00e9es sur Internet. L\u2019utilisateur du site www.musicadomia.com reconna\u00eet disposer de la comp\u00e9tence et des moyens n\u00e9cessaires pour acc\u00e9der et utiliser ce site. L\u2019utilisateur du site reconna\u00eet avoir v\u00e9rifi\u00e9 que la configuration informatique utilis\u00e9e ne contient aucun virus et qu\u2019elle est en parfait \u00e9tat de fonctionnement. Musicadomia ne peut \u00eatre tenue pour responsable d\u2019\u00e9ventuels dommages (co\u00fbts, pertes) directs, indirects, accidentels ou pour tout autre risque faisant suite \u00e0 l\u2019acc\u00e8s ou utilisation de ce site. Musicadomia ne saurait \u00eatre tenu responsable d\u2019un dommage ou virus qui pourrait infecter l\u2019ordinateur ou tout mat\u00e9riel informatique de l\u2019utilisateur suite \u00e0 un acc\u00e8s au site. L\u2019utilisateur reconna\u00eet \u00e9galement avoir pris connaissance de la pr\u00e9sente notice l\u00e9gale et s\u2019engage \u00e0 la respecter. L\u2019utilisateur reconna\u00eet avoir \u00e9t\u00e9 inform\u00e9 que le site web de Musicadomia est accessible 24h\/24h et 7 jours\/7 jours \u00e0 l\u2019exception des cas de force majeure, difficult\u00e9s informatiques, difficult\u00e9s li\u00e9es \u00e0 la structure des r\u00e9seaux de t\u00e9l\u00e9communications ou difficult\u00e9s techniques.<\/p>\n<p>Garantie de la protection de la vie priv\u00e9e des utilisateurs<\/p>\n<p>En conformit\u00e9 avec les dispositions de la Loi 76-17 du 6 janvier 1978, relative \u00e0 l\u2019informatique, aux fichiers et aux libert\u00e9s, le traitement automatis\u00e9 des donn\u00e9es nominatives effectu\u00e9 dans le cadre du pr\u00e9sent site a fait l\u2019objet d\u2019une d\u00e9claration en France aupr\u00e8s de la CNIL.<\/p>\n<p>&nbsp;<\/p>\n","protected":false},"excerpt":{"rendered":"<p>Mentions l\u00e9gales Musicadomia \u00c9dition Le pr\u00e9sent site est la propri\u00e9t\u00e9 et est exploit\u00e9 par la soci\u00e9t\u00e9 Musicadomia, dont le si\u00e8ge social est \u00e0 Courbevoie, 1 rue de l\u2019Alma, immatricul\u00e9e au Registre du Commerce et des Soci\u00e9t\u00e9s de Nanterre sous le N\u00ba SIREN : 979 128 816 . H\u00e9bergement Le pr\u00e9sent site est h\u00e9berg\u00e9 par la &hellip; <\/p>\n<p class=\"link-more\"><a href=\"https:\/\/musicadomia.com\/index.php\/mentions-legales\/\" class=\"more-link\">Continuer la lecture<span class=\"screen-reader-text\"> de &laquo;&nbsp;Mentions l\u00e9gales&nbsp;&raquo;<\/span><\/a><\/p>\n","protected":false},"author":1,"featured_media":0,"parent":0,"menu_order":0,"comment_status":"closed","ping_status":"closed","template":"","meta":{"footnotes":""},"class_list":["post-143","page","type-page","status-publish","hentry"],"_links":{"self":[{"href":"https:\/\/musicadomia.com\/index.php\/wp-json\/wp\/v2\/pages\/143","targetHints":{"allow":["GET"]}}],"collection":[{"href":"https:\/\/musicadomia.com\/index.php\/wp-json\/wp\/v2\/pages"}],"about":[{"href":"https:\/\/musicadomia.com\/index.php\/wp-json\/wp\/v2\/types\/page"}],"author":[{"embeddable":true,"href":"https:\/\/musicadomia.com\/index.php\/wp-json\/wp\/v2\/users\/1"}],"replies":[{"embeddable":true,"href":"https:\/\/musicadomia.com\/index.php\/wp-json\/wp\/v2\/comments?post=143"}],"version-history":[{"count":0,"href":"https:\/\/musicadomia.com\/index.php\/wp-json\/wp\/v2\/pages\/143\/revisions"}],"wp:attachment":[{"href":"https:\/\/musicadomia.com\/index.php\/wp-json\/wp\/v2\/media?parent=143"}],"curies":[{"name":"wp","href":"https:\/\/api.w.org\/{rel}","templated":true}]}}