{"id":124,"date":"2017-04-25T13:09:13","date_gmt":"2017-04-25T11:09:13","guid":{"rendered":"http:\/\/musicadomia.com\/?page_id=124"},"modified":"2024-05-14T17:33:35","modified_gmt":"2024-05-14T15:33:35","slug":"materiel-disponible-a-lecoute","status":"publish","type":"page","link":"https:\/\/musicadomia.com\/index.php\/materiel-disponible-a-lecoute\/","title":{"rendered":"Mat\u00e9riel disponible pour \u00e9coutes"},"content":{"rendered":"<p><span style=\"color: #ff0000;\"><strong><em>\u00a0 \u2192<\/em> <\/strong><\/span>\u00a0Un amplificateur Int\u00e9gr\u00e9 <a href=\"http:\/\/ypsilonelectronics.com\/phaethon\/\" target=\"_blank\" rel=\"noopener noreferrer\"><span style=\"color: #0000ff;\"><strong>Phaeton d&rsquo;Ypsilon<\/strong><\/span><\/a>..<br \/>\nest \u00e0 votre disposition pour des \u00e9coutes \u00e0 Courbevoie, Nimes, \u00e0 Paris, en Normandie, \u00e0 Grenoble<br \/>\nVous \u00eates tent\u00e9s ? <strong>contact@musicadomia.com<\/strong><\/p>\n<p><span style=\"color: #0000ff;\">En \u00e9coute \u00e0 Courbevoie (Hauts de Seine) sur rendez-vous :<\/span><\/p>\n<p><span style=\"color: #ff0000;\"><strong><em>\u2192<\/em>\u00a0<\/strong>\u00a0<span style=\"color: #000000;\">Les nouveaux<\/span> <strong><span style=\"color: #0000ff;\">amplificateurs Monoblocs AELIUS <\/span><\/strong><\/span><a href=\"http:\/\/ypsilonelectronics.com\/phaethon\/\" target=\"_blank\" rel=\"noopener noreferrer\"><span style=\"color: #0000ff;\"><strong>d&rsquo;Ypsilon<\/strong><\/span><\/a>..<b><br \/>\n<\/b><\/p>\n<p><span style=\"color: #ff0000;\"><strong><em><span style=\"color: #ff0000;\">\u2192\u00a0 <\/span><\/em><\/strong><span style=\"color: #000000;\">le <\/span><span style=\"color: #000000;\"><strong>pr\u00e9-amplificateur<\/strong> <\/span><strong><span style=\"color: #0000ff;\">PST 1000 avec sa nouvelle interface<\/span><a style=\"color: #ff0000;\" href=\"http:\/\/ypsilonelectronics.com\/phaethon\/\" target=\"_blank\" rel=\"noopener noreferrer\"><span style=\"color: #0000ff;\">\u00a0d&rsquo;Ypsilon<\/span><\/a><span style=\"color: #ff0000;\">..<\/span><em><b style=\"color: #ff0000;\"><br \/>\n<\/b><\/em><\/strong><\/span><\/p>\n<p><span style=\"color: #ff0000;\"><strong><em><span style=\"color: #ff0000;\">\u2192\u00a0<span style=\"color: #000000;\">Le nouveau<\/span> <strong style=\"color: #ff0000;\"><span style=\"color: #0000ff;\">DAC 1000<\/span><\/strong><a href=\"http:\/\/ypsilonelectronics.com\/phaethon\/\" target=\"_blank\" rel=\"noopener noreferrer\"><span style=\"color: #0000ff;\">\u00a0d&rsquo;Ypsilon<\/span><\/a>.<\/span><\/em><\/strong><\/span><\/p>\n<p><span style=\"color: #ff0000;\"><strong><em><span style=\"color: #ff0000;\">\u2192<\/span><\/em><\/strong><span style=\"color: #ff0000;\">\u00a0<\/span><span style=\"color: #000000;\">Le nouveau<\/span> <strong style=\"color: #ff0000;\"><span style=\"color: #0000ff;\">DAC 1000<\/span><\/strong><\/span><a href=\"http:\/\/ypsilonelectronics.com\/phaethon\/\" target=\"_blank\" rel=\"noopener noreferrer\"><span style=\"color: #0000ff;\">\u00a0<strong>d&rsquo;Ypsilon<\/strong><\/span><\/a>..<b><br \/>\n<\/b>dans sa version SE pr\u00e9sent\u00e9 \u00e0 l&rsquo;\u00e9coute au Salon Haute Fid\u00e9lit\u00e9 du Marriott les 7 _ 8 D\u00e9cembre 2019.<br \/>\nEnfin un R2R sans d\u00e9fauts&#8230; Venez \u00e9couter ses qualit\u00e9s et laissez aux autres les pr\u00e9jug\u00e9s.<br \/>\nYpsilon qui avait montr\u00e9 que l&rsquo;hybride pouvait fonctionner montre cette fois que le R2R peut \u00eatre tr\u00e8s dynamique et plein de vitalit\u00e9.<br \/>\nBien sur l&rsquo;\u00e9tage \u00e0 tube (C3M) , et des transformateurs montrent qu&rsquo;il s&rsquo;agit bien d&rsquo;un Ypsilon.<br \/>\nTout plein d&rsquo;entr\u00e9es dont un USB tr\u00e8s r\u00e9ussi (toujours un challenge) mais surtout une AES EBU plein de douceur charnelle et de coh\u00e9rence, et une I2S qui remet \u00e0 plat la question du r\u00e9alisme et de la Fid\u00e9lite en Hi-Fi;<\/p>\n<p><span style=\"color: #0000ff;\">En \u00e9coute \u00e0 Courbevoie (Hauts de Seine) sur rendez-vous :<\/span><\/p>\n<p><span style=\"color: #ff0000;\"><strong><em>\u2192<\/em>\u00a0<\/strong>\u00a0<span style=\"color: #000000;\">Le nouveau<\/span><span style=\"color: #ff00ff;\"> <strong>Streamer 2.16 ULTRA Pink Faun <\/strong><span style=\"color: #000000;\">est arriv\u00e9..souvent qualifi\u00e9 de meilleur streamer du monde&#8230; et pour un moment.<\/span><strong><br \/>\n<\/strong><\/span><\/span><span style=\"color: #ff0000;\"><span style=\"color: #ff00ff;\"><span style=\"color: #000000;\">et<\/span> <span style=\"color: #000000;\">toujours le <\/span><strong>Streamer 2.16 X <\/strong><\/span><\/span>\u00a0vous attend disponible \u00e0 la vente en occasion (d\u00e9mo).<br \/>\nOn a fait beaucoup d&rsquo;\u00e9coutes comparatives avec ce qui se fait de mieux&#8230;<br \/>\nUn seul \u00e9lu.\u00a0<img loading=\"lazy\" decoding=\"async\" class=\"size-full wp-image-6847 alignright\" src=\"http:\/\/musicadomia.com\/wp-content\/uploads\/2019\/12\/Mono-Stereo-Upper-class-Pink-Faun-Nov-2019.png\" alt=\"\" width=\"198\" height=\"200\" srcset=\"https:\/\/musicadomia.com\/wp-content\/uploads\/2019\/12\/Mono-Stereo-Upper-class-Pink-Faun-Nov-2019.png 198w, https:\/\/musicadomia.com\/wp-content\/uploads\/2019\/12\/Mono-Stereo-Upper-class-Pink-Faun-Nov-2019-100x100.png 100w\" sizes=\"auto, (max-width: 198px) 100vw, 198px\" \/><br \/>\nDepuis le 2.16 X a obtenu la plus haute distinction de <strong>Mono &amp; Stereo : la Upper\u00a0Echelon<\/strong><\/p>\n<p>&nbsp;<\/p>\n<p>&nbsp;<\/p>\n<p>&nbsp;<\/p>\n<p><span style=\"color: #ff0000;\"><strong><em>\u2192<\/em>\u00a0<\/strong>\u00a0<span style=\"color: #000000;\">Les amplificateurs mono<\/span>\u00a0<strong><span style=\"color: #0000ff;\">AELIUS<\/span><\/strong><\/span><span style=\"color: #0000ff;\"><a href=\"http:\/\/ypsilonelectronics.com\/phaethon\/\" target=\"_blank\" rel=\"noopener noreferrer\">\u00a0<strong>d&rsquo;Ypsilon<\/strong><\/a>\u00a0sont en\u00a0<\/span>\u00e9coute (sur rendez-vous) \u00e0 Courbevoie,\u00a0 \u00e0 l&rsquo;\u00eele de R\u00e9, \u00e0 Lorient, \u00e0 Albi (avec la <strong><span style=\"color: #0000ff;\">pr\u00e9ampli PST 100 mk2<\/span><\/strong>) sur rendez-vous :<\/p>\n<p><span style=\"color: #0000ff;\">En \u00e9coute \u00e0 Courbevoie (Hauts de Seine) sur rendez-vous :<\/span><\/p>\n<p><span style=\"color: #808000;\"><span style=\"color: #333333;\"><span style=\"color: #ff0000;\"><strong><em>\u2192<\/em>\u00a0<\/strong>\u00a0<\/span>Un conditionneur secteur <span style=\"color: #0000ff;\"><strong><span style=\"color: #0000ff;\"><a style=\"color: #0000ff;\" href=\"http:\/\/www.gigawatt.eu\/produkt\/gigawatt-pc-4-evo-2\/\" target=\"_blank\" rel=\"noopener noreferrer\">Gigawatt PC4 Evo +<\/a><\/span> \u00a0<\/strong><span style=\"color: #000000;\">est actuellement disponible \u00e0 l&rsquo;\u00e9coute<\/span><\/span>.<br \/>\nPour donner tout leur potentiel vos \u00e9lectroniques veulent\u00a0un courant parfait ! \u00a012 prises secteurs\u00a0Shuko\u00a0et une dynamique de dynamite les attendent sur ce\u00a0Gigawatt.<br \/>\nEt vous,\u00a0attendez-vous \u00a0forc\u00e9ment \u00e0 un\u00a0CHOC !<br \/>\n<\/span><\/span><\/p>\n<p><span style=\"color: #808000;\"><em><strong><span style=\"color: #ff0000;\">\u2192\u00a0\u00a0<\/span><\/strong><\/em><\/span>\u00e0 l&rsquo;\u00e9coute un cable secteur<span style=\"color: #808000;\"><a href=\"http:\/\/www.neodio.fr\/fr\/hifi\/cordon-secteur-origine-p5\/\" target=\"_blank\" rel=\"noopener noreferrer\"> <span style=\"color: #ff0000;\"><span style=\"color: #0000ff;\"><strong>Neodio\u00a0 Origine P5<\/strong><\/span><\/span><\/a><span style=\"color: #333333;\"><strong>.<\/strong><img loading=\"lazy\" decoding=\"async\" class=\"size-full wp-image-189 alignright\" src=\"http:\/\/musicadomia.com\/wp-content\/uploads\/2017\/04\/diapason-or-2016-e1493141620826.png\" alt=\"\" width=\"70\" height=\"70\" \/><br \/>\n<\/span><span style=\"color: #333333;\">Gagnant de\u00a0comparatifs\u00a0multiples sur\u00a0diff\u00e9rents syst\u00e8mes et diff\u00e9rentes paires d&rsquo;oreilles. Ce c\u00e2ble apporte finesse,\u00a0richesse\u00a0de timbres, \u00e9quilibre, a\u00e9ration,\u00a0perception des effets de salles,\u00a0sans artifices, ni d\u00e9s\u00e9quilibre. Pas ma<\/span><\/span><span style=\"color: #808000;\"><span style=\"color: #333333;\">l, non ?<\/span><span style=\"color: #333333;\"><br \/>\n<\/span><span style=\"color: #ff0000;\"><span style=\"color: #333333;\">Pour s&rsquo;en rendre compte, c&rsquo;est facile.<br \/>\nJe vous l&rsquo;envoie par Colissimo contre caution.\u00a0<\/span><\/span><span style=\"color: #ff0000;\"><span style=\"color: #333333;\"><br \/>\n<\/span><\/span><span style=\"color: #333333;\">Upgrade de votre syst\u00e8me garanti\u00a0!<\/span><span style=\"color: #333333;\"><br \/>\n<\/span><\/span><\/p>\n<p><span style=\"color: #808000;\"><em><strong><span style=\"color: #ff0000;\">\u2192\u00a0<\/span>\u00a0<\/strong><\/em><span style=\"color: #333333;\">le <a href=\"http:\/\/www.helixir-audio.com\/produits-audio\/convertisseur-hrddac\" target=\"_blank\" rel=\"noopener noreferrer\"><strong><span style=\"color: #0000ff;\">DAC Helixir (HRDAC)<\/span><\/strong><\/a> est une merveille de naturel. Une \u00e9coute analogique vous attend.<br \/>\n<span style=\"color: #0000ff;\"><span style=\"color: #333333;\">Essayez le !<br \/>\n<\/span><\/span><\/span><\/span><span style=\"color: #808000;\"><span style=\"color: #333333;\">Et bient\u00f4t (cet \u00e9t\u00e9) nous recevrons\u00a0le serveur num\u00e9rique\u00a0(drive) avec biblioth\u00e8que musicale (Disques Durs) et streaming int\u00e9gr\u00e9&#8230; En plus du confort et d&rsquo;une d\u00e9mat enfin stable et accessible (pour les nuls donc) ce lecteur apportera un gros turbo au DAC H\u00e9lixir (on croyait qu&rsquo;il n&rsquo;en avait pas besoin et puis on a test\u00e9 le prototype&#8230;.)\u00a0avec le PCM\u00a0en optique ST, les DSD en bit perfect (3 signaux num\u00e9riques sur 3\u00a0BNC).<br \/>\nVoil\u00e0 comment la d\u00e9mat peut devenir simple et in\u00e9galable&#8230;<br \/>\nR\u00e9servez votre\u00a0<em>place<\/em>, pour faire un <em>tour<\/em> dans la d\u00e9mat\u00a0d\u00e9complex\u00e9e.<br \/>\n<\/span><\/span><span style=\"color: #808000;\"><span style=\"color: #333333;\"><em>info\u00a0du 24\/04\/2017\u00a0<\/em>\u00a0<\/span><\/span><\/p>\n<p><span style=\"color: #808000;\"><em><strong><span style=\"color: #ff0000;\">\u2192\u00a0<\/span>\u00a0<\/strong><\/em><\/span>les supports (pieds)<a href=\"http:\/\/www.neodio.fr\/fr\/hifi\/support-antivibratoire-origine-b1\/\" target=\"_blank\" rel=\"noopener noreferrer\"> <strong><span style=\"color: #0000ff;\">Neodio Origine B1<\/span> <\/strong><\/a>clarifient et accentuent la lisibilit\u00e9 de votre syst\u00e8me sans l&rsquo;appauvrir (au contraire).<br \/>\nToujours sceptiques avec ces accessoires aux annonces \u00e9sot\u00e9riques ?\u00a0\u00a0\u00a0\u00a0\u00a0\u00a0\u00a0\u00a0\u00a0\u00a0\u00a0\u00a0\u00a0\u00a0 <span style=\"color: #808000;\"><span style=\"color: #333333;\"><img loading=\"lazy\" decoding=\"async\" class=\"wp-image-185 alignright\" src=\"http:\/\/musicadomia.com\/wp-content\/uploads\/2017\/04\/Supports-Neodio-B1-origine-2-300x138.jpg\" alt=\"\" width=\"198\" height=\"91\" \/><\/span><\/span><br \/>\nEssayez les\u00a0et vous entendrez <em>INSTANTANEMENT<\/em> l&rsquo;efficacit\u00e9 de ces \u00ab\u00a0<em>instruments\u00a0\u00bb.<\/em><img loading=\"lazy\" decoding=\"async\" class=\"alignright wp-image-188\" src=\"http:\/\/musicadomia.com\/wp-content\/uploads\/2017\/04\/reference-haute-fidelite-e1493141247689.png\" alt=\"\" width=\"52\" height=\"52\" \/><img loading=\"lazy\" decoding=\"async\" class=\"size-full wp-image-186 alignright\" src=\"http:\/\/musicadomia.com\/wp-content\/uploads\/2017\/04\/choc-classica-e1493141517137.png\" alt=\"\" width=\"50\" height=\"50\" \/><br \/>\n<em>\u00a0<\/em><span style=\"color: #808000;\"><span style=\"color: #333333;\"><em>info\u00a0du\u00a0 \u00a0<\/em><\/span><\/span><\/p>\n","protected":false},"excerpt":{"rendered":"<p>\u00a0 \u2192 \u00a0Un amplificateur Int\u00e9gr\u00e9 Phaeton d&rsquo;Ypsilon.. est \u00e0 votre disposition pour des \u00e9coutes \u00e0 Courbevoie, Nimes, \u00e0 Paris, en Normandie, \u00e0 Grenoble Vous \u00eates tent\u00e9s ? contact@musicadomia.com En \u00e9coute \u00e0 Courbevoie (Hauts de Seine) sur rendez-vous : \u2192\u00a0\u00a0Les nouveaux amplificateurs Monoblocs AELIUS d&rsquo;Ypsilon.. \u2192\u00a0 le pr\u00e9-amplificateur PST 1000 avec sa nouvelle interface\u00a0d&rsquo;Ypsilon.. \u2192\u00a0Le nouveau &hellip; <\/p>\n<p class=\"link-more\"><a href=\"https:\/\/musicadomia.com\/index.php\/materiel-disponible-a-lecoute\/\" class=\"more-link\">Continuer la lecture<span class=\"screen-reader-text\"> de &laquo;&nbsp;Mat\u00e9riel disponible pour \u00e9coutes&nbsp;&raquo;<\/span><\/a><\/p>\n","protected":false},"author":1,"featured_media":0,"parent":0,"menu_order":0,"comment_status":"closed","ping_status":"closed","template":"","meta":{"footnotes":""},"class_list":["post-124","page","type-page","status-publish","hentry"],"_links":{"self":[{"href":"https:\/\/musicadomia.com\/index.php\/wp-json\/wp\/v2\/pages\/124","targetHints":{"allow":["GET"]}}],"collection":[{"href":"https:\/\/musicadomia.com\/index.php\/wp-json\/wp\/v2\/pages"}],"about":[{"href":"https:\/\/musicadomia.com\/index.php\/wp-json\/wp\/v2\/types\/page"}],"author":[{"embeddable":true,"href":"https:\/\/musicadomia.com\/index.php\/wp-json\/wp\/v2\/users\/1"}],"replies":[{"embeddable":true,"href":"https:\/\/musicadomia.com\/index.php\/wp-json\/wp\/v2\/comments?post=124"}],"version-history":[{"count":0,"href":"https:\/\/musicadomia.com\/index.php\/wp-json\/wp\/v2\/pages\/124\/revisions"}],"wp:attachment":[{"href":"https:\/\/musicadomia.com\/index.php\/wp-json\/wp\/v2\/media?parent=124"}],"curies":[{"name":"wp","href":"https:\/\/api.w.org\/{rel}","templated":true}]}}